 {"id":1205,"date":"2025-11-22T19:41:35","date_gmt":"2025-11-22T19:41:35","guid":{"rendered":"https:\/\/visa-travelers.com\/eta-es\/?page_id=1205"},"modified":"2025-11-22T19:43:30","modified_gmt":"2025-11-22T19:43:30","slug":"tratamiento-datos-personales","status":"publish","type":"page","link":"https:\/\/visa-travelers.com\/eta-es\/tratamiento-datos-personales\/","title":{"rendered":"Tratamiento datos personales"},"content":{"rendered":"\t\t<div data-elementor-type=\"wp-page\" data-elementor-id=\"1205\" class=\"elementor elementor-1205\" data-elementor-settings=\"{&quot;element_pack_global_tooltip_width&quot;:{&quot;unit&quot;:&quot;px&quot;,&quot;size&quot;:&quot;&quot;,&quot;sizes&quot;:[]},&quot;element_pack_global_tooltip_width_tablet&quot;:{&quot;unit&quot;:&quot;px&quot;,&quot;size&quot;:&quot;&quot;,&quot;sizes&quot;:[]},&quot;element_pack_global_tooltip_width_mobile&quot;:{&quot;unit&quot;:&quot;px&quot;,&quot;size&quot;:&quot;&quot;,&quot;sizes&quot;:[]},&quot;element_pack_global_tooltip_padding&quot;:{&quot;unit&quot;:&quot;px&quot;,&quot;top&quot;:&quot;&quot;,&quot;right&quot;:&quot;&quot;,&quot;bottom&quot;:&quot;&quot;,&quot;left&quot;:&quot;&quot;,&quot;isLinked&quot;:true},&quot;element_pack_global_tooltip_padding_tablet&quot;:{&quot;unit&quot;:&quot;px&quot;,&quot;top&quot;:&quot;&quot;,&quot;right&quot;:&quot;&quot;,&quot;bottom&quot;:&quot;&quot;,&quot;left&quot;:&quot;&quot;,&quot;isLinked&quot;:true},&quot;element_pack_global_tooltip_padding_mobile&quot;:{&quot;unit&quot;:&quot;px&quot;,&quot;top&quot;:&quot;&quot;,&quot;right&quot;:&quot;&quot;,&quot;bottom&quot;:&quot;&quot;,&quot;left&quot;:&quot;&quot;,&quot;isLinked&quot;:true},&quot;element_pack_global_tooltip_border_radius&quot;:{&quot;unit&quot;:&quot;px&quot;,&quot;top&quot;:&quot;&quot;,&quot;right&quot;:&quot;&quot;,&quot;bottom&quot;:&quot;&quot;,&quot;left&quot;:&quot;&quot;,&quot;isLinked&quot;:true},&quot;element_pack_global_tooltip_border_radius_tablet&quot;:{&quot;unit&quot;:&quot;px&quot;,&quot;top&quot;:&quot;&quot;,&quot;right&quot;:&quot;&quot;,&quot;bottom&quot;:&quot;&quot;,&quot;left&quot;:&quot;&quot;,&quot;isLinked&quot;:true},&quot;element_pack_global_tooltip_border_radius_mobile&quot;:{&quot;unit&quot;:&quot;px&quot;,&quot;top&quot;:&quot;&quot;,&quot;right&quot;:&quot;&quot;,&quot;bottom&quot;:&quot;&quot;,&quot;left&quot;:&quot;&quot;,&quot;isLinked&quot;:true}}\" data-elementor-post-type=\"page\">\n\t\t\t\t<div class=\"elementor-element elementor-element-74f4317 e-flex e-con-boxed e-con e-parent\" data-id=\"74f4317\" data-element_type=\"container\" data-e-type=\"container\">\n\t\t\t\t\t<div class=\"e-con-inner\">\n\t\t\t\t<div class=\"elementor-element elementor-element-522232a elementor-widget elementor-widget-heading\" data-id=\"522232a\" data-element_type=\"widget\" data-e-type=\"widget\" data-widget_type=\"heading.default\">\n\t\t\t\t<div class=\"elementor-widget-container\">\n\t\t\t\t\t<h2 class=\"elementor-heading-title elementor-size-default\">Cl\u00e1usula de consentimiento para el tratamiento de datos personales<\/h2>\t\t\t\t<\/div>\n\t\t\t\t<\/div>\n\t\t\t\t<div class=\"elementor-element elementor-element-8174f74 elementor-widget elementor-widget-text-editor\" data-id=\"8174f74\" data-element_type=\"widget\" data-e-type=\"widget\" data-widget_type=\"text-editor.default\">\n\t\t\t\t<div class=\"elementor-widget-container\">\n\t\t\t\t\t\t\t\t\t<p class=\"p3\">Consentimiento para el tratamiento de datos personales a efectos de tramitaci\u00f3n de visado.<\/p><p class=\"p3\">De conformidad con lo dispuesto en el Reglamento (UE) 2016\/679 del Parlamento Europeo y del Consejo, de 27 de abril de 2016 (RGPD), y en la Ley Org\u00e1nica 3\/2018, de 5 de diciembre, de Protecci\u00f3n de Datos Personales y garant\u00eda de los derechos digitales (LOPDGDD), el usuario presta su consentimiento expreso para que sus datos personales, as\u00ed como la documentaci\u00f3n que voluntariamente facilite \u2014incluyendo, en su caso, pasaporte, documento nacional de identidad, fotograf\u00edas, datos de contacto y datos de pago\u2014 sean tratados por la mercantil PROACTIVA DOS AGUAS SL,<span class=\"Apple-converted-space\">\u00a0 <\/span>con la finalidad exclusiva de gestionar y tramitar el visado o permiso de viaje solicitado.<\/p><p class=\"p3\">Los datos proporcionados ser\u00e1n tratados con car\u00e1cter confidencial y no se ceder\u00e1n a terceros salvo obligaci\u00f3n legal o cuando resulte necesario para cumplir la finalidad indicada (por ejemplo, comunicaci\u00f3n con consulados, embajadas u organismos oficiales competentes).<\/p><p class=\"p3\">El usuario queda informado de que podr\u00e1 ejercer en cualquier momento sus derechos de acceso, rectificaci\u00f3n, supresi\u00f3n, limitaci\u00f3n, oposici\u00f3n y portabilidad mediante solicitud escrita dirigida a info@visa-travelers.com acompa\u00f1ando una copia de su documento identificativo.<\/p><p class=\"p3\">Los datos se conservar\u00e1n \u00fanicamente durante el tiempo necesario para la tramitaci\u00f3n del visado solicitado y durante los plazos exigidos por la legislaci\u00f3n aplicable, tras lo cual ser\u00e1n eliminados de forma segura.<\/p><p class=\"p3\">El responsable del tratamiento aplica las medidas t\u00e9cnicas y organizativas necesarias para garantizar la seguridad y confidencialidad de los datos personales y de la documentaci\u00f3n enviada, conforme a los art\u00edculos 32 y siguientes del RGPD.<\/p><p class=\"p3\">Al marcar la casilla correspondiente o enviar la documentaci\u00f3n, el usuario declara haber le\u00eddo y comprendido la presente cl\u00e1usula y autoriza expresamente el tratamiento de sus datos personales para la finalidad indicada.<\/p><p class=\"p5\">Datos actualizados a 13 de noviembre de 2025.<\/p>\t\t\t\t\t\t\t\t<\/div>\n\t\t\t\t<\/div>\n\t\t\t\t\t<\/div>\n\t\t\t\t<\/div>\n\t\t\t\t<\/div>\n\t\t","protected":false},"excerpt":{"rendered":"<p>Cl\u00e1usula de consentimiento para el tratamiento de datos personales Consentimiento para el tratamiento de datos personales a efectos de tramitaci\u00f3n [&hellip;]<\/p>\n","protected":false},"author":1,"featured_media":0,"parent":0,"menu_order":0,"comment_status":"closed","ping_status":"closed","template":"","meta":{"site-sidebar-layout":"no-sidebar","site-content-layout":"","ast-site-content-layout":"full-width-container","site-content-style":"default","site-sidebar-style":"default","ast-global-header-display":"","ast-banner-title-visibility":"","ast-main-header-display":"","ast-hfb-above-header-display":"","ast-hfb-below-header-display":"","ast-hfb-mobile-header-display":"","site-post-title":"disabled","ast-breadcrumbs-content":"","ast-featured-img":"disabled","footer-sml-layout":"","theme-transparent-header-meta":"","adv-header-id-meta":"","stick-header-meta":"","header-above-stick-meta":"","header-main-stick-meta":"","header-below-stick-meta":"","astra-migrate-meta-layouts":"default","ast-page-background-enabled":"default","ast-page-background-meta":{"desktop":{"background-color":"var(--ast-global-color-5)","background-image":"","background-repeat":"repeat","background-position":"center center","background-size":"auto","background-attachment":"scroll","background-type":"","background-media":"","overlay-type":"","overlay-color":"","overlay-opacity":"","overlay-gradient":""},"tablet":{"background-color":"","background-image":"","background-repeat":"repeat","background-position":"center center","background-size":"auto","background-attachment":"scroll","background-type":"","background-media":"","overlay-type":"","overlay-color":"","overlay-opacity":"","overlay-gradient":""},"mobile":{"background-color":"","background-image":"","background-repeat":"repeat","background-position":"center center","background-size":"auto","background-attachment":"scroll","background-type":"","background-media":"","overlay-type":"","overlay-color":"","overlay-opacity":"","overlay-gradient":""}},"ast-content-background-meta":{"desktop":{"background-color":"var(--ast-global-color-4)","background-image":"","background-repeat":"repeat","background-position":"center center","background-size":"auto","background-attachment":"scroll","background-type":"","background-media":"","overlay-type":"","overlay-color":"","overlay-opacity":"","overlay-gradient":""},"tablet":{"background-color":"var(--ast-global-color-4)","background-image":"","background-repeat":"repeat","background-position":"center center","background-size":"auto","background-attachment":"scroll","background-type":"","background-media":"","overlay-type":"","overlay-color":"","overlay-opacity":"","overlay-gradient":""},"mobile":{"background-color":"var(--ast-global-color-4)","background-image":"","background-repeat":"repeat","background-position":"center center","background-size":"auto","background-attachment":"scroll","background-type":"","background-media":"","overlay-type":"","overlay-color":"","overlay-opacity":"","overlay-gradient":""}},"footnotes":""},"class_list":["post-1205","page","type-page","status-publish","hentry"],"yoast_head":"<!-- This site is optimized with the Yoast SEO plugin v26.9 - https:\/\/yoast.com\/product\/yoast-seo-wordpress\/ -->\n<title>Tratamiento datos personales - ETA Travels<\/title>\n<meta name=\"robots\" content=\"index, follow, max-snippet:-1, max-image-preview:large, max-video-preview:-1\" \/>\n<link rel=\"canonical\" href=\"https:\/\/visa-travelers.com\/eta-es\/tratamiento-datos-personales\/\" \/>\n<meta property=\"og:locale\" content=\"es_ES\" \/>\n<meta property=\"og:type\" content=\"article\" \/>\n<meta property=\"og:title\" content=\"Tratamiento datos personales - ETA Travels\" \/>\n<meta property=\"og:description\" content=\"Cl\u00e1usula de consentimiento para el tratamiento de datos personales Consentimiento para el tratamiento de datos personales a efectos de tramitaci\u00f3n [&hellip;]\" \/>\n<meta property=\"og:url\" content=\"https:\/\/visa-travelers.com\/eta-es\/tratamiento-datos-personales\/\" \/>\n<meta property=\"og:site_name\" content=\"ETA Travels\" \/>\n<meta property=\"article:modified_time\" content=\"2025-11-22T19:43:30+00:00\" \/>\n<meta name=\"twitter:card\" content=\"summary_large_image\" \/>\n<meta name=\"twitter:label1\" content=\"Tiempo de lectura\" \/>\n\t<meta name=\"twitter:data1\" content=\"2 minutos\" \/>\n<script type=\"application\/ld+json\" class=\"yoast-schema-graph\">{\"@context\":\"https:\/\/schema.org\",\"@graph\":[{\"@type\":\"WebPage\",\"@id\":\"https:\/\/visa-travelers.com\/eta-es\/tratamiento-datos-personales\/\",\"url\":\"https:\/\/visa-travelers.com\/eta-es\/tratamiento-datos-personales\/\",\"name\":\"Tratamiento datos personales - ETA Travels\",\"isPartOf\":{\"@id\":\"https:\/\/visa-travelers.com\/eta-es\/#website\"},\"datePublished\":\"2025-11-22T19:41:35+00:00\",\"dateModified\":\"2025-11-22T19:43:30+00:00\",\"breadcrumb\":{\"@id\":\"https:\/\/visa-travelers.com\/eta-es\/tratamiento-datos-personales\/#breadcrumb\"},\"inLanguage\":\"es\",\"potentialAction\":[{\"@type\":\"ReadAction\",\"target\":[\"https:\/\/visa-travelers.com\/eta-es\/tratamiento-datos-personales\/\"]}]},{\"@type\":\"BreadcrumbList\",\"@id\":\"https:\/\/visa-travelers.com\/eta-es\/tratamiento-datos-personales\/#breadcrumb\",\"itemListElement\":[{\"@type\":\"ListItem\",\"position\":1,\"name\":\"Portada\",\"item\":\"https:\/\/visa-travelers.com\/eta-es\/\"},{\"@type\":\"ListItem\",\"position\":2,\"name\":\"Tratamiento datos personales\"}]},{\"@type\":\"WebSite\",\"@id\":\"https:\/\/visa-travelers.com\/eta-es\/#website\",\"url\":\"https:\/\/visa-travelers.com\/eta-es\/\",\"name\":\"ETA Travels\",\"description\":\"\",\"publisher\":{\"@id\":\"https:\/\/visa-travelers.com\/eta-es\/#organization\"},\"potentialAction\":[{\"@type\":\"SearchAction\",\"target\":{\"@type\":\"EntryPoint\",\"urlTemplate\":\"https:\/\/visa-travelers.com\/eta-es\/?s={search_term_string}\"},\"query-input\":{\"@type\":\"PropertyValueSpecification\",\"valueRequired\":true,\"valueName\":\"search_term_string\"}}],\"inLanguage\":\"es\"},{\"@type\":\"Organization\",\"@id\":\"https:\/\/visa-travelers.com\/eta-es\/#organization\",\"name\":\"ETA Travels\",\"url\":\"https:\/\/visa-travelers.com\/eta-es\/\",\"logo\":{\"@type\":\"ImageObject\",\"inLanguage\":\"es\",\"@id\":\"https:\/\/visa-travelers.com\/eta-es\/#\/schema\/logo\/image\/\",\"url\":\"https:\/\/visa-travelers.com\/eta-es\/wp-content\/uploads\/2025\/04\/logo.png\",\"contentUrl\":\"https:\/\/visa-travelers.com\/eta-es\/wp-content\/uploads\/2025\/04\/logo.png\",\"width\":156,\"height\":40,\"caption\":\"ETA Travels\"},\"image\":{\"@id\":\"https:\/\/visa-travelers.com\/eta-es\/#\/schema\/logo\/image\/\"}}]}<\/script>\n<!-- \/ Yoast SEO plugin. -->","yoast_head_json":{"title":"Tratamiento datos personales - ETA Travels","robots":{"index":"index","follow":"follow","max-snippet":"max-snippet:-1","max-image-preview":"max-image-preview:large","max-video-preview":"max-video-preview:-1"},"canonical":"https:\/\/visa-travelers.com\/eta-es\/tratamiento-datos-personales\/","og_locale":"es_ES","og_type":"article","og_title":"Tratamiento datos personales - ETA Travels","og_description":"Cl\u00e1usula de consentimiento para el tratamiento de datos personales Consentimiento para el tratamiento de datos personales a efectos de tramitaci\u00f3n [&hellip;]","og_url":"https:\/\/visa-travelers.com\/eta-es\/tratamiento-datos-personales\/","og_site_name":"ETA Travels","article_modified_time":"2025-11-22T19:43:30+00:00","twitter_card":"summary_large_image","twitter_misc":{"Tiempo de lectura":"2 minutos"},"schema":{"@context":"https:\/\/schema.org","@graph":[{"@type":"WebPage","@id":"https:\/\/visa-travelers.com\/eta-es\/tratamiento-datos-personales\/","url":"https:\/\/visa-travelers.com\/eta-es\/tratamiento-datos-personales\/","name":"Tratamiento datos personales - ETA Travels","isPartOf":{"@id":"https:\/\/visa-travelers.com\/eta-es\/#website"},"datePublished":"2025-11-22T19:41:35+00:00","dateModified":"2025-11-22T19:43:30+00:00","breadcrumb":{"@id":"https:\/\/visa-travelers.com\/eta-es\/tratamiento-datos-personales\/#breadcrumb"},"inLanguage":"es","potentialAction":[{"@type":"ReadAction","target":["https:\/\/visa-travelers.com\/eta-es\/tratamiento-datos-personales\/"]}]},{"@type":"BreadcrumbList","@id":"https:\/\/visa-travelers.com\/eta-es\/tratamiento-datos-personales\/#breadcrumb","itemListElement":[{"@type":"ListItem","position":1,"name":"Portada","item":"https:\/\/visa-travelers.com\/eta-es\/"},{"@type":"ListItem","position":2,"name":"Tratamiento datos personales"}]},{"@type":"WebSite","@id":"https:\/\/visa-travelers.com\/eta-es\/#website","url":"https:\/\/visa-travelers.com\/eta-es\/","name":"ETA Travels","description":"","publisher":{"@id":"https:\/\/visa-travelers.com\/eta-es\/#organization"},"potentialAction":[{"@type":"SearchAction","target":{"@type":"EntryPoint","urlTemplate":"https:\/\/visa-travelers.com\/eta-es\/?s={search_term_string}"},"query-input":{"@type":"PropertyValueSpecification","valueRequired":true,"valueName":"search_term_string"}}],"inLanguage":"es"},{"@type":"Organization","@id":"https:\/\/visa-travelers.com\/eta-es\/#organization","name":"ETA Travels","url":"https:\/\/visa-travelers.com\/eta-es\/","logo":{"@type":"ImageObject","inLanguage":"es","@id":"https:\/\/visa-travelers.com\/eta-es\/#\/schema\/logo\/image\/","url":"https:\/\/visa-travelers.com\/eta-es\/wp-content\/uploads\/2025\/04\/logo.png","contentUrl":"https:\/\/visa-travelers.com\/eta-es\/wp-content\/uploads\/2025\/04\/logo.png","width":156,"height":40,"caption":"ETA Travels"},"image":{"@id":"https:\/\/visa-travelers.com\/eta-es\/#\/schema\/logo\/image\/"}}]}},"_links":{"self":[{"href":"https:\/\/visa-travelers.com\/eta-es\/wp-json\/wp\/v2\/pages\/1205","targetHints":{"allow":["GET"]}}],"collection":[{"href":"https:\/\/visa-travelers.com\/eta-es\/wp-json\/wp\/v2\/pages"}],"about":[{"href":"https:\/\/visa-travelers.com\/eta-es\/wp-json\/wp\/v2\/types\/page"}],"author":[{"embeddable":true,"href":"https:\/\/visa-travelers.com\/eta-es\/wp-json\/wp\/v2\/users\/1"}],"replies":[{"embeddable":true,"href":"https:\/\/visa-travelers.com\/eta-es\/wp-json\/wp\/v2\/comments?post=1205"}],"version-history":[{"count":7,"href":"https:\/\/visa-travelers.com\/eta-es\/wp-json\/wp\/v2\/pages\/1205\/revisions"}],"predecessor-version":[{"id":1212,"href":"https:\/\/visa-travelers.com\/eta-es\/wp-json\/wp\/v2\/pages\/1205\/revisions\/1212"}],"wp:attachment":[{"href":"https:\/\/visa-travelers.com\/eta-es\/wp-json\/wp\/v2\/media?parent=1205"}],"curies":[{"name":"wp","href":"https:\/\/api.w.org\/{rel}","templated":true}]}}