 {"id":447,"date":"2025-04-29T17:36:04","date_gmt":"2025-04-29T17:36:04","guid":{"rendered":"https:\/\/visa-travelers.com\/eta-es\/?page_id=447"},"modified":"2026-02-09T21:49:13","modified_gmt":"2026-02-09T20:49:13","slug":"contacto","status":"publish","type":"page","link":"https:\/\/visa-travelers.com\/eta-es\/contacto\/","title":{"rendered":"Contacto"},"content":{"rendered":"\t\t<div data-elementor-type=\"wp-page\" data-elementor-id=\"447\" class=\"elementor elementor-447\" data-elementor-settings=\"{&quot;element_pack_global_tooltip_width&quot;:{&quot;unit&quot;:&quot;px&quot;,&quot;size&quot;:&quot;&quot;,&quot;sizes&quot;:[]},&quot;element_pack_global_tooltip_width_tablet&quot;:{&quot;unit&quot;:&quot;px&quot;,&quot;size&quot;:&quot;&quot;,&quot;sizes&quot;:[]},&quot;element_pack_global_tooltip_width_mobile&quot;:{&quot;unit&quot;:&quot;px&quot;,&quot;size&quot;:&quot;&quot;,&quot;sizes&quot;:[]},&quot;element_pack_global_tooltip_padding&quot;:{&quot;unit&quot;:&quot;px&quot;,&quot;top&quot;:&quot;&quot;,&quot;right&quot;:&quot;&quot;,&quot;bottom&quot;:&quot;&quot;,&quot;left&quot;:&quot;&quot;,&quot;isLinked&quot;:true},&quot;element_pack_global_tooltip_padding_tablet&quot;:{&quot;unit&quot;:&quot;px&quot;,&quot;top&quot;:&quot;&quot;,&quot;right&quot;:&quot;&quot;,&quot;bottom&quot;:&quot;&quot;,&quot;left&quot;:&quot;&quot;,&quot;isLinked&quot;:true},&quot;element_pack_global_tooltip_padding_mobile&quot;:{&quot;unit&quot;:&quot;px&quot;,&quot;top&quot;:&quot;&quot;,&quot;right&quot;:&quot;&quot;,&quot;bottom&quot;:&quot;&quot;,&quot;left&quot;:&quot;&quot;,&quot;isLinked&quot;:true},&quot;element_pack_global_tooltip_border_radius&quot;:{&quot;unit&quot;:&quot;px&quot;,&quot;top&quot;:&quot;&quot;,&quot;right&quot;:&quot;&quot;,&quot;bottom&quot;:&quot;&quot;,&quot;left&quot;:&quot;&quot;,&quot;isLinked&quot;:true},&quot;element_pack_global_tooltip_border_radius_tablet&quot;:{&quot;unit&quot;:&quot;px&quot;,&quot;top&quot;:&quot;&quot;,&quot;right&quot;:&quot;&quot;,&quot;bottom&quot;:&quot;&quot;,&quot;left&quot;:&quot;&quot;,&quot;isLinked&quot;:true},&quot;element_pack_global_tooltip_border_radius_mobile&quot;:{&quot;unit&quot;:&quot;px&quot;,&quot;top&quot;:&quot;&quot;,&quot;right&quot;:&quot;&quot;,&quot;bottom&quot;:&quot;&quot;,&quot;left&quot;:&quot;&quot;,&quot;isLinked&quot;:true}}\" data-elementor-post-type=\"page\">\n\t\t\t\t<div class=\"elementor-element elementor-element-453a3ff e-flex e-con-boxed e-con e-parent\" data-id=\"453a3ff\" data-element_type=\"container\" data-e-type=\"container\" data-settings=\"{&quot;background_background&quot;:&quot;classic&quot;}\">\n\t\t\t\t\t<div class=\"e-con-inner\">\n\t\t\t\t<div class=\"elementor-element elementor-element-41e1ad3 elementor-widget elementor-widget-heading\" data-id=\"41e1ad3\" data-element_type=\"widget\" data-e-type=\"widget\" data-widget_type=\"heading.default\">\n\t\t\t\t<div class=\"elementor-widget-container\">\n\t\t\t\t\t<h1 class=\"elementor-heading-title elementor-size-default\">Contacta con nosotros<\/h1>\t\t\t\t<\/div>\n\t\t\t\t<\/div>\n\t\t\t\t\t<\/div>\n\t\t\t\t<\/div>\n\t\t<div class=\"elementor-element elementor-element-9f75e5d e-flex e-con-boxed e-con e-parent\" data-id=\"9f75e5d\" data-element_type=\"container\" data-e-type=\"container\">\n\t\t\t\t\t<div class=\"e-con-inner\">\n\t\t<div class=\"elementor-element elementor-element-e5378fe e-con-full e-flex e-con e-child\" data-id=\"e5378fe\" data-element_type=\"container\" data-e-type=\"container\">\n\t\t\t\t<div class=\"elementor-element elementor-element-a5152c4 elementor-widget elementor-widget-heading\" data-id=\"a5152c4\" data-element_type=\"widget\" data-e-type=\"widget\" data-widget_type=\"heading.default\">\n\t\t\t\t<div class=\"elementor-widget-container\">\n\t\t\t\t\t<h2 class=\"elementor-heading-title elementor-size-default\">Contacta con nosotros<\/h2>\t\t\t\t<\/div>\n\t\t\t\t<\/div>\n\t\t\t\t<div class=\"elementor-element elementor-element-9b7f0a9 elementor-widget elementor-widget-text-editor\" data-id=\"9b7f0a9\" data-element_type=\"widget\" data-e-type=\"widget\" data-widget_type=\"text-editor.default\">\n\t\t\t\t<div class=\"elementor-widget-container\">\n\t\t\t\t\t\t\t\t\t<p class=\"p1\">Si desea realizar cualquier consulta sobre nuestros servicios o sobre una solicitud enviada, puede ponerse en contacto con nuestro <span class=\"s1\"><b>Centro de Atenci\u00f3n al Cliente<\/b><\/span>.<\/p><p class=\"p1\">Para agilizar la gesti\u00f3n de su consulta, le rogamos que incluya en su mensaje la siguiente informaci\u00f3n:<\/p><ul><li><p class=\"p1\">Nombre completo del viajero.<\/p><\/li><li><p class=\"p1\">Direcci\u00f3n de correo electr\u00f3nico utilizada en la solicitud.<\/p><\/li><li><p class=\"p1\">En caso de haber presentado m\u00faltiples solicitudes, proporcione los datos anteriores para cada uno de los viajeros.<\/p><\/li><\/ul><p class=\"p1\">Nuestro equipo est\u00e1 comprometido a ofrecer una respuesta <span class=\"s1\"><b>r\u00e1pida y eficiente<\/b><\/span>.<\/p><p class=\"p1\">El servicio de atenci\u00f3n est\u00e1 disponible<span class=\"s1\"><b>\u00a0todos los d\u00edas del a\u00f1o<\/b><\/span>, y podemos atenderle en <span class=\"s1\"><b>espa\u00f1ol<\/b><\/span> o <span class=\"s1\"><b>ingl\u00e9s<\/b><\/span>.<\/p><p class=\"p1\">Asimismo, le recomendamos consultar nuestra secci\u00f3n de <span class=\"s1\"><b>Preguntas Frecuentes (FAQ)<\/b><\/span>, as\u00ed como nuestras <span class=\"s1\"><b>Pol\u00edticas y Condiciones<\/b><\/span>, donde podr\u00e1 encontrar respuesta a las cuestiones m\u00e1s habituales.<\/p><p class=\"p1\">Agradecemos su confianza y quedamos a su disposici\u00f3n para asistirle en todo lo que necesite.<\/p>\t\t\t\t\t\t\t\t<\/div>\n\t\t\t\t<\/div>\n\t\t\t\t<\/div>\n\t\t<div class=\"elementor-element elementor-element-2b6d83f e-con-full e-flex e-con e-child\" data-id=\"2b6d83f\" data-element_type=\"container\" data-e-type=\"container\">\n\t\t\t\t<div class=\"elementor-element elementor-element-897fe27 elementor-button-align-stretch elementor-widget elementor-widget-form\" data-id=\"897fe27\" data-element_type=\"widget\" data-e-type=\"widget\" data-settings=\"{&quot;step_next_label&quot;:&quot;Siguiente&quot;,&quot;step_previous_label&quot;:&quot;Anterior&quot;,&quot;button_width&quot;:&quot;100&quot;,&quot;step_type&quot;:&quot;number_text&quot;,&quot;step_icon_shape&quot;:&quot;circle&quot;}\" data-widget_type=\"form.default\">\n\t\t\t\t<div class=\"elementor-widget-container\">\n\t\t\t\t\t\t\t<form class=\"elementor-form\" method=\"post\" name=\"Nuevo formulario\" aria-label=\"Nuevo formulario\">\n\t\t\t<input type=\"hidden\" name=\"post_id\" value=\"447\"\/>\n\t\t\t<input type=\"hidden\" name=\"form_id\" value=\"897fe27\"\/>\n\t\t\t<input type=\"hidden\" name=\"referer_title\" value=\"Contacto | Asistencia para ETA Reino Unido (UK)\" \/>\n\n\t\t\t\t\t\t\t<input type=\"hidden\" name=\"queried_id\" value=\"447\"\/>\n\t\t\t\n\t\t\t<div class=\"elementor-form-fields-wrapper elementor-labels-above\">\n\t\t\t\t\t\t\t\t<div class=\"elementor-field-type-text elementor-field-group elementor-column elementor-field-group-name elementor-col-100\">\n\t\t\t\t\t\t\t\t\t\t\t\t<label for=\"form-field-name\" class=\"elementor-field-label\">\n\t\t\t\t\t\t\t\tNombre\t\t\t\t\t\t\t<\/label>\n\t\t\t\t\t\t\t\t\t\t\t\t\t\t<input size=\"1\" type=\"text\" name=\"form_fields[name]\" id=\"form-field-name\" class=\"elementor-field elementor-size-sm  elementor-field-textual\" placeholder=\"Nombre\">\n\t\t\t\t\t\t\t\t\t\t\t<\/div>\n\t\t\t\t\t\t\t\t<div class=\"elementor-field-type-email elementor-field-group elementor-column elementor-field-group-email elementor-col-100 elementor-field-required\">\n\t\t\t\t\t\t\t\t\t\t\t\t<label for=\"form-field-email\" class=\"elementor-field-label\">\n\t\t\t\t\t\t\t\tCorreo electr\u00f3nico\t\t\t\t\t\t\t<\/label>\n\t\t\t\t\t\t\t\t\t\t\t\t\t\t<input size=\"1\" type=\"email\" name=\"form_fields[email]\" id=\"form-field-email\" class=\"elementor-field elementor-size-sm  elementor-field-textual\" placeholder=\"Correo electr\u00f3nico\" required=\"required\">\n\t\t\t\t\t\t\t\t\t\t\t<\/div>\n\t\t\t\t\t\t\t\t<div class=\"elementor-field-type-select elementor-field-group elementor-column elementor-field-group-field_63ea7c8 elementor-col-100\">\n\t\t\t\t\t\t\t\t\t\t\t\t<label for=\"form-field-field_63ea7c8\" class=\"elementor-field-label\">\n\t\t\t\t\t\t\t\tAsunto\t\t\t\t\t\t\t<\/label>\n\t\t\t\t\t\t\t\t<div class=\"elementor-field elementor-select-wrapper remove-before \">\n\t\t\t<div class=\"select-caret-down-wrapper\">\n\t\t\t\t<svg aria-hidden=\"true\" class=\"e-font-icon-svg e-eicon-caret-down\" viewBox=\"0 0 571.4 571.4\" xmlns=\"http:\/\/www.w3.org\/2000\/svg\"><path d=\"M571 393Q571 407 561 418L311 668Q300 679 286 679T261 668L11 418Q0 407 0 393T11 368 36 357H536Q550 357 561 368T571 393Z\"><\/path><\/svg>\t\t\t<\/div>\n\t\t\t<select name=\"form_fields[field_63ea7c8]\" id=\"form-field-field_63ea7c8\" class=\"elementor-field-textual elementor-size-sm\">\n\t\t\t\t\t\t\t\t\t<option value=\"\">Selecciona una opci\u00f3n<\/option>\n\t\t\t\t\t\t\t\t\t<option value=\"\u00bfC\u00f3mo va mi solicitud?\">\u00bfC\u00f3mo va mi solicitud?<\/option>\n\t\t\t\t\t\t\t\t\t<option value=\"Documentaci\u00f3n Adicional\">Documentaci\u00f3n Adicional<\/option>\n\t\t\t\t\t\t\t\t\t<option value=\"Informaci\u00f3n General\">Informaci\u00f3n General<\/option>\n\t\t\t\t\t\t\t\t\t<option value=\"Otras Consultas\">Otras Consultas<\/option>\n\t\t\t\t\t\t\t<\/select>\n\t\t<\/div>\n\t\t\t\t\t\t<\/div>\n\t\t\t\t\t\t\t\t<div class=\"elementor-field-type-textarea elementor-field-group elementor-column elementor-field-group-message elementor-col-100\">\n\t\t\t\t\t\t\t\t\t\t\t\t<label for=\"form-field-message\" class=\"elementor-field-label\">\n\t\t\t\t\t\t\t\tMensaje\t\t\t\t\t\t\t<\/label>\n\t\t\t\t\t\t<textarea class=\"elementor-field-textual elementor-field  elementor-size-sm\" name=\"form_fields[message]\" id=\"form-field-message\" rows=\"4\" placeholder=\"Mensaje\"><\/textarea>\t\t\t\t<\/div>\n\t\t\t\t\t\t\t\t<div class=\"elementor-field-group elementor-column elementor-field-type-submit elementor-col-100 e-form__buttons\">\n\t\t\t\t\t<button class=\"elementor-button elementor-size-sm\" type=\"submit\">\n\t\t\t\t\t\t<span class=\"elementor-button-content-wrapper\">\n\t\t\t\t\t\t\t\t\t\t\t\t\t\t\t\t\t\t\t\t\t\t<span class=\"elementor-button-text\">Enviar<\/span>\n\t\t\t\t\t\t\t\t\t\t\t\t\t<\/span>\n\t\t\t\t\t<\/button>\n\t\t\t\t<\/div>\n\t\t\t<\/div>\n\t\t<\/form>\n\t\t\t\t\t\t<\/div>\n\t\t\t\t<\/div>\n\t\t\t\t<\/div>\n\t\t\t\t\t<\/div>\n\t\t\t\t<\/div>\n\t\t<div class=\"elementor-element elementor-element-55355cd e-flex e-con-boxed e-con e-parent\" data-id=\"55355cd\" data-element_type=\"container\" data-e-type=\"container\" data-settings=\"{&quot;background_background&quot;:&quot;classic&quot;}\">\n\t\t\t\t\t<div class=\"e-con-inner\">\n\t\t<div class=\"elementor-element elementor-element-a11c297 e-con-full e-flex e-con e-child\" data-id=\"a11c297\" data-element_type=\"container\" data-e-type=\"container\" data-settings=\"{&quot;background_background&quot;:&quot;classic&quot;}\">\n\t\t\t\t<div class=\"elementor-element elementor-element-627a76a elementor-widget elementor-widget-text-editor\" data-id=\"627a76a\" data-element_type=\"widget\" data-e-type=\"widget\" data-widget_type=\"text-editor.default\">\n\t\t\t\t<div class=\"elementor-widget-container\">\n\t\t\t\t\t\t\t\t\t<section id=\"faq-eta\" style=\"font-family: sans-serif; line-height: 1.6;\">\n<h2>Preguntas Frecuentes sobre la ETA para el Reino Unido<\/h2>\n<p>Resuelve todas tus dudas antes de solicitar tu Autorizaci\u00f3n Electr\u00f3nica de Viaje (ETA) para visitar el Reino Unido por turismo, negocios o tr\u00e1nsito.<\/p>\n<ol>\n \t<li>\n<h3>\u00bfQu\u00e9 es la ETA para el Reino Unido y qui\u00e9n necesita solicitarla?<\/h3>\nLa ETA (Autorizaci\u00f3n Electr\u00f3nica de Viaje) es un permiso obligatorio para ciudadanos de determinados pa\u00edses exentos de visado que deseen viajar al Reino Unido. Es necesaria para estancias cortas por turismo, negocios o tr\u00e1nsito, y debe obtenerse antes de embarcar hacia el Reino Unido.<\/li>\n \t<li>\n<h3>\u00bfCu\u00e1nto tiempo es v\u00e1lida la ETA para el Reino Unido?<\/h3>\nUna ETA aprobada tiene una validez de 2 a\u00f1os o hasta que expire el pasaporte vinculado, lo que ocurra primero. Durante este periodo, permite realizar m\u00faltiples viajes al Reino Unido, con estancias de hasta 6 meses en cada visita.<\/li>\n \t<li>\n<h3>\u00bfC\u00f3mo puedo solicitar la ETA para el Reino Unido?<\/h3>\nPuede solicitar la ETA de forma online completando un formulario con sus datos personales, informaci\u00f3n del pasaporte y detalles del viaje. El proceso es sencillo, seguro y generalmente r\u00e1pido. Se recomienda solicitarla con antelaci\u00f3n suficiente, idealmente al menos 3 d\u00edas antes del viaje.<\/li>\n \t<li>\n<h3>\u00bfQu\u00e9 documentos necesito para tramitar la ETA para el Reino Unido?<\/h3>\nPara completar la solicitud, necesitar\u00e1 un pasaporte biom\u00e9trico vigente, una fotograf\u00eda reciente y responder a algunas preguntas de seguridad. Tambi\u00e9n debe disponer de un medio de pago electr\u00f3nico para abonar la tasa correspondiente.<\/li>\n \t<li>\n<h3>\u00bfCu\u00e1nto tarda en aprobarse la ETA para el Reino Unido?<\/h3>\nLa mayor\u00eda de las solicitudes se procesan en menos de 72 horas. En algunos casos, puede requerirse documentaci\u00f3n adicional, por lo que se recomienda realizar la solicitud con tiempo suficiente antes del viaje.<\/li>\n<\/ol>\n<\/section>\t\t\t\t\t\t\t\t<\/div>\n\t\t\t\t<\/div>\n\t\t\t\t<\/div>\n\t\t\t\t\t<\/div>\n\t\t\t\t<\/div>\n\t\t\t\t<\/div>\n\t\t","protected":false},"excerpt":{"rendered":"<p>Contacta con nosotros Contacta con nosotros Si desea realizar cualquier consulta sobre nuestros servicios o sobre una solicitud enviada, puede [&hellip;]<\/p>\n","protected":false},"author":1,"featured_media":0,"parent":0,"menu_order":0,"comment_status":"closed","ping_status":"closed","template":"","meta":{"site-sidebar-layout":"no-sidebar","site-content-layout":"","ast-site-content-layout":"full-width-container","site-content-style":"default","site-sidebar-style":"default","ast-global-header-display":"","ast-banner-title-visibility":"","ast-main-header-display":"","ast-hfb-above-header-display":"","ast-hfb-below-header-display":"","ast-hfb-mobile-header-display":"","site-post-title":"disabled","ast-breadcrumbs-content":"","ast-featured-img":"disabled","footer-sml-layout":"","theme-transparent-header-meta":"","adv-header-id-meta":"","stick-header-meta":"","header-above-stick-meta":"","header-main-stick-meta":"","header-below-stick-meta":"","astra-migrate-meta-layouts":"default","ast-page-background-enabled":"default","ast-page-background-meta":{"desktop":{"background-color":"var(--ast-global-color-5)","background-image":"","background-repeat":"repeat","background-position":"center center","background-size":"auto","background-attachment":"scroll","background-type":"","background-media":"","overlay-type":"","overlay-color":"","overlay-opacity":"","overlay-gradient":""},"tablet":{"background-color":"","background-image":"","background-repeat":"repeat","background-position":"center center","background-size":"auto","background-attachment":"scroll","background-type":"","background-media":"","overlay-type":"","overlay-color":"","overlay-opacity":"","overlay-gradient":""},"mobile":{"background-color":"","background-image":"","background-repeat":"repeat","background-position":"center center","background-size":"auto","background-attachment":"scroll","background-type":"","background-media":"","overlay-type":"","overlay-color":"","overlay-opacity":"","overlay-gradient":""}},"ast-content-background-meta":{"desktop":{"background-color":"var(--ast-global-color-4)","background-image":"","background-repeat":"repeat","background-position":"center center","background-size":"auto","background-attachment":"scroll","background-type":"","background-media":"","overlay-type":"","overlay-color":"","overlay-opacity":"","overlay-gradient":""},"tablet":{"background-color":"var(--ast-global-color-4)","background-image":"","background-repeat":"repeat","background-position":"center center","background-size":"auto","background-attachment":"scroll","background-type":"","background-media":"","overlay-type":"","overlay-color":"","overlay-opacity":"","overlay-gradient":""},"mobile":{"background-color":"var(--ast-global-color-4)","background-image":"","background-repeat":"repeat","background-position":"center center","background-size":"auto","background-attachment":"scroll","background-type":"","background-media":"","overlay-type":"","overlay-color":"","overlay-opacity":"","overlay-gradient":""}},"footnotes":""},"class_list":["post-447","page","type-page","status-publish","hentry"],"yoast_head":"<!-- This site is optimized with the Yoast SEO plugin v26.9 - https:\/\/yoast.com\/product\/yoast-seo-wordpress\/ -->\n<title>Contacto | Asistencia para ETA Reino Unido (UK)<\/title>\n<meta name=\"description\" content=\"\u00bfNecesitas ayuda con tu ETA UK? Cont\u00e1ctanos para soporte sobre el formulario, documentaci\u00f3n, pagos o estado de tu solicitud. Respuesta por email.\" \/>\n<meta name=\"robots\" content=\"index, follow, max-snippet:-1, max-image-preview:large, max-video-preview:-1\" \/>\n<link rel=\"canonical\" href=\"https:\/\/visa-travelers.com\/eta-es\/contacto\/\" \/>\n<meta property=\"og:locale\" content=\"es_ES\" \/>\n<meta property=\"og:type\" content=\"article\" \/>\n<meta property=\"og:title\" content=\"Contacto | Asistencia para ETA Reino Unido (UK)\" \/>\n<meta property=\"og:description\" content=\"\u00bfNecesitas ayuda con tu ETA UK? Cont\u00e1ctanos para soporte sobre el formulario, documentaci\u00f3n, pagos o estado de tu solicitud. Respuesta por email.\" \/>\n<meta property=\"og:url\" content=\"https:\/\/visa-travelers.com\/eta-es\/contacto\/\" \/>\n<meta property=\"og:site_name\" content=\"ETA Travels\" \/>\n<meta property=\"article:modified_time\" content=\"2026-02-09T20:49:13+00:00\" \/>\n<meta name=\"twitter:card\" content=\"summary_large_image\" \/>\n<meta name=\"twitter:label1\" content=\"Tiempo de lectura\" \/>\n\t<meta name=\"twitter:data1\" content=\"2 minutos\" \/>\n<script type=\"application\/ld+json\" class=\"yoast-schema-graph\">{\"@context\":\"https:\/\/schema.org\",\"@graph\":[{\"@type\":\"WebPage\",\"@id\":\"https:\/\/visa-travelers.com\/eta-es\/contacto\/\",\"url\":\"https:\/\/visa-travelers.com\/eta-es\/contacto\/\",\"name\":\"Contacto | Asistencia para ETA Reino Unido (UK)\",\"isPartOf\":{\"@id\":\"https:\/\/visa-travelers.com\/eta-es\/#website\"},\"datePublished\":\"2025-04-29T17:36:04+00:00\",\"dateModified\":\"2026-02-09T20:49:13+00:00\",\"description\":\"\u00bfNecesitas ayuda con tu ETA UK? Cont\u00e1ctanos para soporte sobre el formulario, documentaci\u00f3n, pagos o estado de tu solicitud. Respuesta por email.\",\"breadcrumb\":{\"@id\":\"https:\/\/visa-travelers.com\/eta-es\/contacto\/#breadcrumb\"},\"inLanguage\":\"es\",\"potentialAction\":[{\"@type\":\"ReadAction\",\"target\":[\"https:\/\/visa-travelers.com\/eta-es\/contacto\/\"]}]},{\"@type\":\"BreadcrumbList\",\"@id\":\"https:\/\/visa-travelers.com\/eta-es\/contacto\/#breadcrumb\",\"itemListElement\":[{\"@type\":\"ListItem\",\"position\":1,\"name\":\"Portada\",\"item\":\"https:\/\/visa-travelers.com\/eta-es\/\"},{\"@type\":\"ListItem\",\"position\":2,\"name\":\"Contacto\"}]},{\"@type\":\"WebSite\",\"@id\":\"https:\/\/visa-travelers.com\/eta-es\/#website\",\"url\":\"https:\/\/visa-travelers.com\/eta-es\/\",\"name\":\"ETA Travels\",\"description\":\"\",\"publisher\":{\"@id\":\"https:\/\/visa-travelers.com\/eta-es\/#organization\"},\"potentialAction\":[{\"@type\":\"SearchAction\",\"target\":{\"@type\":\"EntryPoint\",\"urlTemplate\":\"https:\/\/visa-travelers.com\/eta-es\/?s={search_term_string}\"},\"query-input\":{\"@type\":\"PropertyValueSpecification\",\"valueRequired\":true,\"valueName\":\"search_term_string\"}}],\"inLanguage\":\"es\"},{\"@type\":\"Organization\",\"@id\":\"https:\/\/visa-travelers.com\/eta-es\/#organization\",\"name\":\"ETA Travels\",\"url\":\"https:\/\/visa-travelers.com\/eta-es\/\",\"logo\":{\"@type\":\"ImageObject\",\"inLanguage\":\"es\",\"@id\":\"https:\/\/visa-travelers.com\/eta-es\/#\/schema\/logo\/image\/\",\"url\":\"https:\/\/visa-travelers.com\/eta-es\/wp-content\/uploads\/2025\/04\/logo.png\",\"contentUrl\":\"https:\/\/visa-travelers.com\/eta-es\/wp-content\/uploads\/2025\/04\/logo.png\",\"width\":156,\"height\":40,\"caption\":\"ETA Travels\"},\"image\":{\"@id\":\"https:\/\/visa-travelers.com\/eta-es\/#\/schema\/logo\/image\/\"}}]}<\/script>\n<!-- \/ Yoast SEO plugin. -->","yoast_head_json":{"title":"Contacto | Asistencia para ETA Reino Unido (UK)","description":"\u00bfNecesitas ayuda con tu ETA UK? Cont\u00e1ctanos para soporte sobre el formulario, documentaci\u00f3n, pagos o estado de tu solicitud. Respuesta por email.","robots":{"index":"index","follow":"follow","max-snippet":"max-snippet:-1","max-image-preview":"max-image-preview:large","max-video-preview":"max-video-preview:-1"},"canonical":"https:\/\/visa-travelers.com\/eta-es\/contacto\/","og_locale":"es_ES","og_type":"article","og_title":"Contacto | Asistencia para ETA Reino Unido (UK)","og_description":"\u00bfNecesitas ayuda con tu ETA UK? Cont\u00e1ctanos para soporte sobre el formulario, documentaci\u00f3n, pagos o estado de tu solicitud. Respuesta por email.","og_url":"https:\/\/visa-travelers.com\/eta-es\/contacto\/","og_site_name":"ETA Travels","article_modified_time":"2026-02-09T20:49:13+00:00","twitter_card":"summary_large_image","twitter_misc":{"Tiempo de lectura":"2 minutos"},"schema":{"@context":"https:\/\/schema.org","@graph":[{"@type":"WebPage","@id":"https:\/\/visa-travelers.com\/eta-es\/contacto\/","url":"https:\/\/visa-travelers.com\/eta-es\/contacto\/","name":"Contacto | Asistencia para ETA Reino Unido (UK)","isPartOf":{"@id":"https:\/\/visa-travelers.com\/eta-es\/#website"},"datePublished":"2025-04-29T17:36:04+00:00","dateModified":"2026-02-09T20:49:13+00:00","description":"\u00bfNecesitas ayuda con tu ETA UK? Cont\u00e1ctanos para soporte sobre el formulario, documentaci\u00f3n, pagos o estado de tu solicitud. Respuesta por email.","breadcrumb":{"@id":"https:\/\/visa-travelers.com\/eta-es\/contacto\/#breadcrumb"},"inLanguage":"es","potentialAction":[{"@type":"ReadAction","target":["https:\/\/visa-travelers.com\/eta-es\/contacto\/"]}]},{"@type":"BreadcrumbList","@id":"https:\/\/visa-travelers.com\/eta-es\/contacto\/#breadcrumb","itemListElement":[{"@type":"ListItem","position":1,"name":"Portada","item":"https:\/\/visa-travelers.com\/eta-es\/"},{"@type":"ListItem","position":2,"name":"Contacto"}]},{"@type":"WebSite","@id":"https:\/\/visa-travelers.com\/eta-es\/#website","url":"https:\/\/visa-travelers.com\/eta-es\/","name":"ETA Travels","description":"","publisher":{"@id":"https:\/\/visa-travelers.com\/eta-es\/#organization"},"potentialAction":[{"@type":"SearchAction","target":{"@type":"EntryPoint","urlTemplate":"https:\/\/visa-travelers.com\/eta-es\/?s={search_term_string}"},"query-input":{"@type":"PropertyValueSpecification","valueRequired":true,"valueName":"search_term_string"}}],"inLanguage":"es"},{"@type":"Organization","@id":"https:\/\/visa-travelers.com\/eta-es\/#organization","name":"ETA Travels","url":"https:\/\/visa-travelers.com\/eta-es\/","logo":{"@type":"ImageObject","inLanguage":"es","@id":"https:\/\/visa-travelers.com\/eta-es\/#\/schema\/logo\/image\/","url":"https:\/\/visa-travelers.com\/eta-es\/wp-content\/uploads\/2025\/04\/logo.png","contentUrl":"https:\/\/visa-travelers.com\/eta-es\/wp-content\/uploads\/2025\/04\/logo.png","width":156,"height":40,"caption":"ETA Travels"},"image":{"@id":"https:\/\/visa-travelers.com\/eta-es\/#\/schema\/logo\/image\/"}}]}},"_links":{"self":[{"href":"https:\/\/visa-travelers.com\/eta-es\/wp-json\/wp\/v2\/pages\/447","targetHints":{"allow":["GET"]}}],"collection":[{"href":"https:\/\/visa-travelers.com\/eta-es\/wp-json\/wp\/v2\/pages"}],"about":[{"href":"https:\/\/visa-travelers.com\/eta-es\/wp-json\/wp\/v2\/types\/page"}],"author":[{"embeddable":true,"href":"https:\/\/visa-travelers.com\/eta-es\/wp-json\/wp\/v2\/users\/1"}],"replies":[{"embeddable":true,"href":"https:\/\/visa-travelers.com\/eta-es\/wp-json\/wp\/v2\/comments?post=447"}],"version-history":[{"count":25,"href":"https:\/\/visa-travelers.com\/eta-es\/wp-json\/wp\/v2\/pages\/447\/revisions"}],"predecessor-version":[{"id":1056,"href":"https:\/\/visa-travelers.com\/eta-es\/wp-json\/wp\/v2\/pages\/447\/revisions\/1056"}],"wp:attachment":[{"href":"https:\/\/visa-travelers.com\/eta-es\/wp-json\/wp\/v2\/media?parent=447"}],"curies":[{"name":"wp","href":"https:\/\/api.w.org\/{rel}","templated":true}]}}