 {"id":587,"date":"2025-05-07T08:36:49","date_gmt":"2025-05-07T08:36:49","guid":{"rendered":"https:\/\/visa-travelers.com\/eta-es\/?page_id=587"},"modified":"2025-11-22T19:50:07","modified_gmt":"2025-11-22T19:50:07","slug":"terminos-y-condiciones-del-servicio","status":"publish","type":"page","link":"https:\/\/visa-travelers.com\/eta-es\/terminos-y-condiciones-del-servicio\/","title":{"rendered":"T\u00e9rminos y condiciones del servicio"},"content":{"rendered":"\t\t<div data-elementor-type=\"wp-page\" data-elementor-id=\"587\" class=\"elementor elementor-587\" data-elementor-settings=\"{&quot;element_pack_global_tooltip_width&quot;:{&quot;unit&quot;:&quot;px&quot;,&quot;size&quot;:&quot;&quot;,&quot;sizes&quot;:[]},&quot;element_pack_global_tooltip_width_tablet&quot;:{&quot;unit&quot;:&quot;px&quot;,&quot;size&quot;:&quot;&quot;,&quot;sizes&quot;:[]},&quot;element_pack_global_tooltip_width_mobile&quot;:{&quot;unit&quot;:&quot;px&quot;,&quot;size&quot;:&quot;&quot;,&quot;sizes&quot;:[]},&quot;element_pack_global_tooltip_padding&quot;:{&quot;unit&quot;:&quot;px&quot;,&quot;top&quot;:&quot;&quot;,&quot;right&quot;:&quot;&quot;,&quot;bottom&quot;:&quot;&quot;,&quot;left&quot;:&quot;&quot;,&quot;isLinked&quot;:true},&quot;element_pack_global_tooltip_padding_tablet&quot;:{&quot;unit&quot;:&quot;px&quot;,&quot;top&quot;:&quot;&quot;,&quot;right&quot;:&quot;&quot;,&quot;bottom&quot;:&quot;&quot;,&quot;left&quot;:&quot;&quot;,&quot;isLinked&quot;:true},&quot;element_pack_global_tooltip_padding_mobile&quot;:{&quot;unit&quot;:&quot;px&quot;,&quot;top&quot;:&quot;&quot;,&quot;right&quot;:&quot;&quot;,&quot;bottom&quot;:&quot;&quot;,&quot;left&quot;:&quot;&quot;,&quot;isLinked&quot;:true},&quot;element_pack_global_tooltip_border_radius&quot;:{&quot;unit&quot;:&quot;px&quot;,&quot;top&quot;:&quot;&quot;,&quot;right&quot;:&quot;&quot;,&quot;bottom&quot;:&quot;&quot;,&quot;left&quot;:&quot;&quot;,&quot;isLinked&quot;:true},&quot;element_pack_global_tooltip_border_radius_tablet&quot;:{&quot;unit&quot;:&quot;px&quot;,&quot;top&quot;:&quot;&quot;,&quot;right&quot;:&quot;&quot;,&quot;bottom&quot;:&quot;&quot;,&quot;left&quot;:&quot;&quot;,&quot;isLinked&quot;:true},&quot;element_pack_global_tooltip_border_radius_mobile&quot;:{&quot;unit&quot;:&quot;px&quot;,&quot;top&quot;:&quot;&quot;,&quot;right&quot;:&quot;&quot;,&quot;bottom&quot;:&quot;&quot;,&quot;left&quot;:&quot;&quot;,&quot;isLinked&quot;:true}}\" data-elementor-post-type=\"page\">\n\t\t\t\t<div class=\"elementor-element elementor-element-bb56de9 e-flex e-con-boxed e-con e-parent\" data-id=\"bb56de9\" data-element_type=\"container\" data-e-type=\"container\">\n\t\t\t\t\t<div class=\"e-con-inner\">\n\t\t\t\t<div class=\"elementor-element elementor-element-ef297d4 elementor-widget elementor-widget-heading\" data-id=\"ef297d4\" data-element_type=\"widget\" data-e-type=\"widget\" data-widget_type=\"heading.default\">\n\t\t\t\t<div class=\"elementor-widget-container\">\n\t\t\t\t\t<h2 class=\"elementor-heading-title elementor-size-default\">T\u00e9rminos y Condiciones del Servicio<\/h2>\t\t\t\t<\/div>\n\t\t\t\t<\/div>\n\t\t\t\t<div class=\"elementor-element elementor-element-984c379 elementor-widget elementor-widget-text-editor\" data-id=\"984c379\" data-element_type=\"widget\" data-e-type=\"widget\" data-widget_type=\"text-editor.default\">\n\t\t\t\t<div class=\"elementor-widget-container\">\n\t\t\t\t\t\t\t\t\t<p class=\"p1\"><b>Sobre este Sitio Web<\/b><\/p><p class=\"p3\">Bienvenido a visa-Travelers, un servicio prestado por PROACTIVA DOS AGUAS SL. Este documento explica las condiciones en las que puedes utilizar nuestros servicios en l\u00ednea y\/o m\u00f3viles, nuestras aplicaciones m\u00f3viles y otro software proporcionado en relaci\u00f3n con nuestros servicios, el contenido que publicamos en los sitios web, plataformas de v\u00eddeo, blogs y otros recursos en l\u00ednea (colectivamente, el \u00abContenido\u00bb), y cualquier producto o servicio que obtengas a trav\u00e9s de nuestros sitios web o aplicaciones, incluidos los documentos de viaje (a todo lo cual nos referimos colectivamente como el \u00abServicio\u00bb).<\/p><p class=\"p3\">Al acceder o utilizar el Servicio, o al hacer clic en un bot\u00f3n o marcar una casilla marcada como \u00abAceptar\u00bb (o algo similar), significas que has le\u00eddo, entendido y aceptas quedar vinculado por estas Condiciones del Servicio (este \u00abContrato\u00bb), por cualquier otra condici\u00f3n contractual que aceptes, y por la recopilaci\u00f3n, uso y ciertas divulgaciones de tu informaci\u00f3n seg\u00fan lo establecido en nuestra Pol\u00edtica de privacidad. Este Acuerdo se aplica a todos los visitantes, usuarios y otras personas que accedan o utilicen el Servicio.<\/p><p class=\"p3\">Por favor, revisa este Acuerdo detenidamente. Si no aceptas los t\u00e9rminos de este Acuerdo, no tienes derecho a acceder o utilizar nuestro Servicio. Si te registras para obtener una cuenta o utilizas de otro modo nuestro Servicio, se considerar\u00e1 que confirmas tu acuerdo de ser parte de este contrato vinculante.<\/p><p class=\"p3\"><span class=\"s1\"><b>Este sitio web no pertenece a ningun organismo oficial<\/b><\/span>, los solicitantes pueden presentar sus solicitudes directamente en el sitio web oficial del gobierno correspondiente.<\/p><p class=\"p3\">Una vez que has aceptado los t\u00e9rminos y condiciones de contrataci\u00f3n, entiendes que <span class=\"s1\"><b>el servicio se inicia en el momento del pago por lo que renuncias a tu derecho de desistimiento al tratarse de un servicio definido como suministro de contenido digital <\/b><\/span>que no se preste en un soporte material cuando la ejecuci\u00f3n haya comenzado, tal y como contempla el art 103.m del Real Decreto Legislativo 1\/2007, de 16 de noviembre, por el que se aprueba el texto refundido de la Ley General para la Defensa de los Consumidores y Usuarios y otras leyes complementarias. (en adelante TRLGCU)<\/p><p class=\"p3\">Nuestra misi\u00f3n es ayudar a los viajeros simplificando los tr\u00e1mites de navegaci\u00f3n a trav\u00e9s de complejos sistemas administrativos de inmigraci\u00f3n gracias a nuestros servicios de consultor\u00eda.<\/p><p class=\"p1\"><b>Informaci\u00f3n de la Empresa<\/b><\/p><p class=\"p1\">Este servicio esta promovido por la mercantil:<\/p><p class=\"p1\"><b>PROACTIVA DOS AGUAS SL<\/b><\/p><p class=\"p1\">Domiciliada en:<\/p><p class=\"p1\"><b>CALLE PARQUE BUJARUELO, 25 \u2013 LOC 3<\/b><\/p><p class=\"p1\"><b>28924 ALCORC\u00d3N<\/b><\/p><p class=\"p1\"><b>CIF: B84851088.<\/b><\/p><p class=\"p1\"><b>Contacto: <\/b>info-es@visa-travelers.com<\/p><p class=\"p1\"><b>Nuestros Servicios, \u00bfQue estas contratando?<\/b><\/p><p class=\"p3\">Consultor\u00eda de e-Visa:<span class=\"Apple-converted-space\">\u00a0 <\/span>Nuestro servicio incluye una p\u00e1gina web y formularios de solicitud f\u00e1ciles de usar. Es mucho m\u00e1s sencillo tramitar su solicitud a trav\u00e9s de nuestro sistema, sobre todo para usuarios de dispositivos m\u00f3viles y grupos grandes. Enviamos a todos nuestros clientes la documentaci\u00f3n necesaria d\u00edas antes del viaje. Esto resulta especialmente \u00fatil para quienes solicitan la visa con meses de antelaci\u00f3n, ya que as\u00ed pueden centrarse en los detalles m\u00e1s importantes del viaje conforme se acerca la fecha de salida.<\/p><p class=\"p3\">Tambi\u00e9n contamos con un equipo de atenci\u00f3n al cliente disponible las 24 horas, al que puede contactar por chat, correo electr\u00f3nico y mensaje de texto. Aceptamos m\u00faltiples divisas y nuestra p\u00e1gina web est\u00e1 traducida a m\u00e1s de 20 idiomas. Creemos que nuestra tarifa justifica su tiempo y tranquilidad, pero si le preocupa el impacto financiero de su solicitud, tenga en cuenta que la mayor\u00eda de los gobiernos ofrecen servicios gratuitos para sus tr\u00e1mites.<\/p><p class=\"p1\"><b>Pol\u00edtica de Entrega<\/b><\/p><p class=\"p3\">Sabemos que su tiempo es valioso y nos esforzamos por brindarle el servicio m\u00e1s r\u00e1pido posible. Nuestros tiempos de procesamiento se basan en el tiempo promedio que tardan los gobiernos en tramitar las solicitudes de visa. Estos tiempos estimados comienzan desde el momento en que recibimos toda la informaci\u00f3n correcta para su solicitud hasta que usted recibe su visa. Si bien trabajamos diligentemente para agilizar el proceso, es importante tener en cuenta que dependemos de los tiempos de procesamiento establecidos por las autoridades gubernamentales.<\/p><p class=\"p3\">El tiempo de procesamiento de las e- Visas puede ser de hasta 5 d\u00edas. No obstante, nuestro equipo inicia el tr\u00e1mite en cuanto se recibe la solicitud. Las e- Visas se env\u00edan por correo electr\u00f3nico tan pronto como recibimos la aprobaci\u00f3n.<\/p><p class=\"p1\"><b>Moneda de las Transacciones y precio de los servicios contratados.<\/b><\/p><p class=\"p3\">Todos los servicios se comercializan en libras esterlinas tal y como exige el gobierno de UK, no obstante, y en cumplimiento de la normativa de consumo espa\u00f1ola, al lado del precio en libras aparecer\u00e1 el equivalente m\u00e1s aproximado en euros.<\/p><p class=\"p3\">Real Decreto 3423\/2000, de 15 de diciembre, por el que se regula la indicaci\u00f3n de los precios de los productos ofrecidos a los consumidores y usuarios.<\/p><p class=\"p3\">Por tanto, el precio de los diferentes servicios es el siguiente:<\/p><p class=\"p5\">\u00a0<\/p><p class=\"p1\"><b>Declaraci\u00f3n responsable<\/b><\/p><p class=\"p3\">Al enviar su solicitud de ETA utilizando nuestro servicio de tramitaci\u00f3n, usted confirma que, seg\u00fan sus conocimientos, la informaci\u00f3n proporcionada es correcta. Adem\u00e1s, acepta que proporcionar informaci\u00f3n falsa puede ocasionar el rechazo de la solicitud, sanciones legales o la prohibici\u00f3n de entrada al Reino Unido. Si est\u00e1 solicitando en nombre de otra persona, debe haber confirmado previamente que la informaci\u00f3n es completa y precisa.<\/p><p class=\"p3\">Al utilizar el Servicio, reconoces que su uso no garantiza ning\u00fan resultado concreto. Esto significa que:<\/p><ol class=\"ol1\"><li class=\"li3\">no hay garant\u00eda de que el uso del Servicio y de nuestros productos te asegure la obtenci\u00f3n de la documentaci\u00f3n necesaria para el viaje que deseas;<\/li><li class=\"li3\">y (ii) t\u00fa eres el \u00fanico responsable de determinar la documentaci\u00f3n necesaria para permitir el viaje que deseas, y la suficiencia de la documentaci\u00f3n que obtengas de nuestro Servicio para tus fines. Consulta la informaci\u00f3n y los art\u00edculos educativos que publicamos en nuestro sitio web, en nuestras redes sociales y en nuestras aplicaciones m\u00f3viles para obtener orientaci\u00f3n adicional sobre estas cuestiones.<\/li><\/ol><p class=\"p1\"><b>Facturaci\u00f3n Recurrente<\/b><\/p><p class=\"p1\">Este sitio web no ofrece productos ni servicios con facturaci\u00f3n recurrente. Todas las compras son transacciones \u00fanicas.<\/p><p class=\"p1\"><b>Errores Tipogr\u00e1ficos<\/b><\/p><p class=\"p3\">En caso de que un producto o servicio se publique por error con un precio incorrecto, nos reservamos el derecho de rechazar o cancelar cualquier pedido realizado con ese precio err\u00f3neo. Si su tarjeta ya ha sido cargada, se le reembolsar\u00e1 la diferencia de inmediato.<\/p><p class=\"p1\"><b>Enlaces externos.<\/b><\/p><p class=\"p3\">Este sitio web puede contener enlaces a sitios externos. Estos se proporcionan para su conveniencia. No obstante, la inclusi\u00f3n de dichos enlaces no implica la aprobaci\u00f3n o respaldo por parte de nuestra empresa. No somos responsables de los contenidos de p\u00e1ginas externas. Adem\u00e1s, no est\u00e1 permitido realizar \u201cframing\u201d (inserci\u00f3n) de este sitio en ning\u00fan nivel.<\/p><p class=\"p1\"><b>Informaci\u00f3n sobre Derechos de Autor<\/b><\/p><p class=\"p3\">Todos los productos en este sitio web son publicados por nuestra empresa y est\u00e1n protegidos por las leyes de derechos de autor. Para cualquier uso de nuestra propiedad intelectual, es necesario obtener un permiso por escrito a trav\u00e9s de nuestro departamento legal.<\/p><p class=\"p1\"><b>Derechos de Propiedad Intelectual<\/b><\/p><p class=\"p3\">Al utilizar el Servicio, reconoces y aceptas que todos los derechos del Servicio, incluido el software que forma parte del Servicio y todo el contenido, est\u00e1n protegidos por diversos derechos de propiedad intelectual, como derechos de autor, marcas comerciales, patentes, secretos comerciales y otras leyes, reglamentos y tratados, adem\u00e1s de los t\u00e9rminos del presente Contrato. A menos que especifiquemos lo contrario en una licencia independiente, tu derecho a utilizar cualquier parte del Servicio o del Contenido est\u00e1 sujeto a este Acuerdo y todos los derechos sobre el Servicio y el Contenido est\u00e1n reservados por visa-travelers. Aceptas que visa- travelers (y sus licenciantes, seg\u00fan corresponda) es propietaria de todos los derechos, t\u00edtulos e intereses sobre el Servicio (incluidos los derechos morales y la documentaci\u00f3n relacionada). En particular, te comprometes a no modificar, crear obras derivadas, descompilar o intentar extraer de cualquier otro modo el c\u00f3digo fuente de cualquier Software de visa-travelers, a menos que se te permita expresamente hacerlo en virtud de una licencia de c\u00f3digo abierto, que te demos permiso expreso por escrito o que se te permita legalmente hacerlo de cualquier otro modo a pesar de esta prohibici\u00f3n. El nombre estilizado, el logotipo y otros gr\u00e1ficos relacionados de visa-travelers, as\u00ed como cualquier marca de servicio y nombre comercial utilizados en el Servicio o en relaci\u00f3n con \u00e9l, son marcas comerciales de visa-travelers y no pueden utilizarse sin permiso, incluso en relaci\u00f3n con cualquier producto o servicio de terceros-. Otras marcas comerciales, marcas de servicio y nombres comerciales que puedan aparecer en el Servicio son propiedad de sus respectivos due\u00f1os.<\/p><p class=\"p1\"><b>Forma Legal y Legislaci\u00f3n Aplicable<\/b><\/p><p class=\"p3\">Al utilizar este sitio web y adquirir productos o servicios, usted acepta que ha establecido un contrato legal con nuestra empresa.<\/p><p class=\"p3\">La legislaci\u00f3n aplicable ser\u00e1 la determinada por el fuero legal que corresponda a la empresa que presta los servicios o al domicilio del consumidor, seg\u00fan corresponda.<\/p><p class=\"p1\"><b>Modificaciones a los T\u00e9rminos y Condiciones<\/b><\/p><p class=\"p3\">Nos reservamos el derecho de modificar los presentes T\u00e9rminos y Condiciones en cualquier momento. Se recomienda a los clientes, miembros y usuarios revisar mensualmente este documento, as\u00ed como nuestra Pol\u00edtica de Privacidad y Avisos Legales, ubicados en el pie de p\u00e1gina de cada p\u00e1gina del sitio web.<\/p><p class=\"p1\"><b>\u00daltima actualizaci\u00f3n: <\/b>12 de noviembre de 2025.<\/p>\t\t\t\t\t\t\t\t<\/div>\n\t\t\t\t<\/div>\n\t\t\t\t\t<\/div>\n\t\t\t\t<\/div>\n\t\t\t\t<\/div>\n\t\t","protected":false},"excerpt":{"rendered":"<p>T\u00e9rminos y Condiciones del Servicio Sobre este Sitio Web Bienvenido a visa-Travelers, un servicio prestado por PROACTIVA DOS AGUAS SL. [&hellip;]<\/p>\n","protected":false},"author":1,"featured_media":0,"parent":0,"menu_order":0,"comment_status":"closed","ping_status":"closed","template":"","meta":{"site-sidebar-layout":"no-sidebar","site-content-layout":"","ast-site-content-layout":"full-width-container","site-content-style":"default","site-sidebar-style":"default","ast-global-header-display":"","ast-banner-title-visibility":"","ast-main-header-display":"","ast-hfb-above-header-display":"","ast-hfb-below-header-display":"","ast-hfb-mobile-header-display":"","site-post-title":"disabled","ast-breadcrumbs-content":"","ast-featured-img":"disabled","footer-sml-layout":"","theme-transparent-header-meta":"","adv-header-id-meta":"","stick-header-meta":"","header-above-stick-meta":"","header-main-stick-meta":"","header-below-stick-meta":"","astra-migrate-meta-layouts":"default","ast-page-background-enabled":"default","ast-page-background-meta":{"desktop":{"background-color":"var(--ast-global-color-5)","background-image":"","background-repeat":"repeat","background-position":"center center","background-size":"auto","background-attachment":"scroll","background-type":"","background-media":"","overlay-type":"","overlay-color":"","overlay-opacity":"","overlay-gradient":""},"tablet":{"background-color":"","background-image":"","background-repeat":"repeat","background-position":"center center","background-size":"auto","background-attachment":"scroll","background-type":"","background-media":"","overlay-type":"","overlay-color":"","overlay-opacity":"","overlay-gradient":""},"mobile":{"background-color":"","background-image":"","background-repeat":"repeat","background-position":"center center","background-size":"auto","background-attachment":"scroll","background-type":"","background-media":"","overlay-type":"","overlay-color":"","overlay-opacity":"","overlay-gradient":""}},"ast-content-background-meta":{"desktop":{"background-color":"var(--ast-global-color-4)","background-image":"","background-repeat":"repeat","background-position":"center center","background-size":"auto","background-attachment":"scroll","background-type":"","background-media":"","overlay-type":"","overlay-color":"","overlay-opacity":"","overlay-gradient":""},"tablet":{"background-color":"var(--ast-global-color-4)","background-image":"","background-repeat":"repeat","background-position":"center center","background-size":"auto","background-attachment":"scroll","background-type":"","background-media":"","overlay-type":"","overlay-color":"","overlay-opacity":"","overlay-gradient":""},"mobile":{"background-color":"var(--ast-global-color-4)","background-image":"","background-repeat":"repeat","background-position":"center center","background-size":"auto","background-attachment":"scroll","background-type":"","background-media":"","overlay-type":"","overlay-color":"","overlay-opacity":"","overlay-gradient":""}},"footnotes":""},"class_list":["post-587","page","type-page","status-publish","hentry"],"yoast_head":"<!-- This site is optimized with the Yoast SEO plugin v26.9 - https:\/\/yoast.com\/product\/yoast-seo-wordpress\/ -->\n<title>T\u00e9rminos y condiciones del servicio - ETA Travels<\/title>\n<meta name=\"robots\" content=\"index, follow, max-snippet:-1, max-image-preview:large, max-video-preview:-1\" \/>\n<link rel=\"canonical\" href=\"https:\/\/visa-travelers.com\/eta-es\/terminos-y-condiciones-del-servicio\/\" \/>\n<meta property=\"og:locale\" content=\"es_ES\" \/>\n<meta property=\"og:type\" content=\"article\" \/>\n<meta property=\"og:title\" content=\"T\u00e9rminos y condiciones del servicio - ETA Travels\" \/>\n<meta property=\"og:description\" content=\"T\u00e9rminos y Condiciones del Servicio Sobre este Sitio Web Bienvenido a visa-Travelers, un servicio prestado por PROACTIVA DOS AGUAS SL. [&hellip;]\" \/>\n<meta property=\"og:url\" content=\"https:\/\/visa-travelers.com\/eta-es\/terminos-y-condiciones-del-servicio\/\" \/>\n<meta property=\"og:site_name\" content=\"ETA Travels\" \/>\n<meta property=\"article:modified_time\" content=\"2025-11-22T19:50:07+00:00\" \/>\n<meta name=\"twitter:card\" content=\"summary_large_image\" \/>\n<meta name=\"twitter:label1\" content=\"Tiempo de lectura\" \/>\n\t<meta name=\"twitter:data1\" content=\"8 minutos\" \/>\n<script type=\"application\/ld+json\" class=\"yoast-schema-graph\">{\"@context\":\"https:\/\/schema.org\",\"@graph\":[{\"@type\":\"WebPage\",\"@id\":\"https:\/\/visa-travelers.com\/eta-es\/terminos-y-condiciones-del-servicio\/\",\"url\":\"https:\/\/visa-travelers.com\/eta-es\/terminos-y-condiciones-del-servicio\/\",\"name\":\"T\u00e9rminos y condiciones del servicio - ETA Travels\",\"isPartOf\":{\"@id\":\"https:\/\/visa-travelers.com\/eta-es\/#website\"},\"datePublished\":\"2025-05-07T08:36:49+00:00\",\"dateModified\":\"2025-11-22T19:50:07+00:00\",\"breadcrumb\":{\"@id\":\"https:\/\/visa-travelers.com\/eta-es\/terminos-y-condiciones-del-servicio\/#breadcrumb\"},\"inLanguage\":\"es\",\"potentialAction\":[{\"@type\":\"ReadAction\",\"target\":[\"https:\/\/visa-travelers.com\/eta-es\/terminos-y-condiciones-del-servicio\/\"]}]},{\"@type\":\"BreadcrumbList\",\"@id\":\"https:\/\/visa-travelers.com\/eta-es\/terminos-y-condiciones-del-servicio\/#breadcrumb\",\"itemListElement\":[{\"@type\":\"ListItem\",\"position\":1,\"name\":\"Portada\",\"item\":\"https:\/\/visa-travelers.com\/eta-es\/\"},{\"@type\":\"ListItem\",\"position\":2,\"name\":\"T\u00e9rminos y condiciones del servicio\"}]},{\"@type\":\"WebSite\",\"@id\":\"https:\/\/visa-travelers.com\/eta-es\/#website\",\"url\":\"https:\/\/visa-travelers.com\/eta-es\/\",\"name\":\"ETA Travels\",\"description\":\"\",\"publisher\":{\"@id\":\"https:\/\/visa-travelers.com\/eta-es\/#organization\"},\"potentialAction\":[{\"@type\":\"SearchAction\",\"target\":{\"@type\":\"EntryPoint\",\"urlTemplate\":\"https:\/\/visa-travelers.com\/eta-es\/?s={search_term_string}\"},\"query-input\":{\"@type\":\"PropertyValueSpecification\",\"valueRequired\":true,\"valueName\":\"search_term_string\"}}],\"inLanguage\":\"es\"},{\"@type\":\"Organization\",\"@id\":\"https:\/\/visa-travelers.com\/eta-es\/#organization\",\"name\":\"ETA Travels\",\"url\":\"https:\/\/visa-travelers.com\/eta-es\/\",\"logo\":{\"@type\":\"ImageObject\",\"inLanguage\":\"es\",\"@id\":\"https:\/\/visa-travelers.com\/eta-es\/#\/schema\/logo\/image\/\",\"url\":\"https:\/\/visa-travelers.com\/eta-es\/wp-content\/uploads\/2025\/04\/logo.png\",\"contentUrl\":\"https:\/\/visa-travelers.com\/eta-es\/wp-content\/uploads\/2025\/04\/logo.png\",\"width\":156,\"height\":40,\"caption\":\"ETA Travels\"},\"image\":{\"@id\":\"https:\/\/visa-travelers.com\/eta-es\/#\/schema\/logo\/image\/\"}}]}<\/script>\n<!-- \/ Yoast SEO plugin. -->","yoast_head_json":{"title":"T\u00e9rminos y condiciones del servicio - ETA Travels","robots":{"index":"index","follow":"follow","max-snippet":"max-snippet:-1","max-image-preview":"max-image-preview:large","max-video-preview":"max-video-preview:-1"},"canonical":"https:\/\/visa-travelers.com\/eta-es\/terminos-y-condiciones-del-servicio\/","og_locale":"es_ES","og_type":"article","og_title":"T\u00e9rminos y condiciones del servicio - ETA Travels","og_description":"T\u00e9rminos y Condiciones del Servicio Sobre este Sitio Web Bienvenido a visa-Travelers, un servicio prestado por PROACTIVA DOS AGUAS SL. [&hellip;]","og_url":"https:\/\/visa-travelers.com\/eta-es\/terminos-y-condiciones-del-servicio\/","og_site_name":"ETA Travels","article_modified_time":"2025-11-22T19:50:07+00:00","twitter_card":"summary_large_image","twitter_misc":{"Tiempo de lectura":"8 minutos"},"schema":{"@context":"https:\/\/schema.org","@graph":[{"@type":"WebPage","@id":"https:\/\/visa-travelers.com\/eta-es\/terminos-y-condiciones-del-servicio\/","url":"https:\/\/visa-travelers.com\/eta-es\/terminos-y-condiciones-del-servicio\/","name":"T\u00e9rminos y condiciones del servicio - ETA Travels","isPartOf":{"@id":"https:\/\/visa-travelers.com\/eta-es\/#website"},"datePublished":"2025-05-07T08:36:49+00:00","dateModified":"2025-11-22T19:50:07+00:00","breadcrumb":{"@id":"https:\/\/visa-travelers.com\/eta-es\/terminos-y-condiciones-del-servicio\/#breadcrumb"},"inLanguage":"es","potentialAction":[{"@type":"ReadAction","target":["https:\/\/visa-travelers.com\/eta-es\/terminos-y-condiciones-del-servicio\/"]}]},{"@type":"BreadcrumbList","@id":"https:\/\/visa-travelers.com\/eta-es\/terminos-y-condiciones-del-servicio\/#breadcrumb","itemListElement":[{"@type":"ListItem","position":1,"name":"Portada","item":"https:\/\/visa-travelers.com\/eta-es\/"},{"@type":"ListItem","position":2,"name":"T\u00e9rminos y condiciones del servicio"}]},{"@type":"WebSite","@id":"https:\/\/visa-travelers.com\/eta-es\/#website","url":"https:\/\/visa-travelers.com\/eta-es\/","name":"ETA Travels","description":"","publisher":{"@id":"https:\/\/visa-travelers.com\/eta-es\/#organization"},"potentialAction":[{"@type":"SearchAction","target":{"@type":"EntryPoint","urlTemplate":"https:\/\/visa-travelers.com\/eta-es\/?s={search_term_string}"},"query-input":{"@type":"PropertyValueSpecification","valueRequired":true,"valueName":"search_term_string"}}],"inLanguage":"es"},{"@type":"Organization","@id":"https:\/\/visa-travelers.com\/eta-es\/#organization","name":"ETA Travels","url":"https:\/\/visa-travelers.com\/eta-es\/","logo":{"@type":"ImageObject","inLanguage":"es","@id":"https:\/\/visa-travelers.com\/eta-es\/#\/schema\/logo\/image\/","url":"https:\/\/visa-travelers.com\/eta-es\/wp-content\/uploads\/2025\/04\/logo.png","contentUrl":"https:\/\/visa-travelers.com\/eta-es\/wp-content\/uploads\/2025\/04\/logo.png","width":156,"height":40,"caption":"ETA Travels"},"image":{"@id":"https:\/\/visa-travelers.com\/eta-es\/#\/schema\/logo\/image\/"}}]}},"_links":{"self":[{"href":"https:\/\/visa-travelers.com\/eta-es\/wp-json\/wp\/v2\/pages\/587","targetHints":{"allow":["GET"]}}],"collection":[{"href":"https:\/\/visa-travelers.com\/eta-es\/wp-json\/wp\/v2\/pages"}],"about":[{"href":"https:\/\/visa-travelers.com\/eta-es\/wp-json\/wp\/v2\/types\/page"}],"author":[{"embeddable":true,"href":"https:\/\/visa-travelers.com\/eta-es\/wp-json\/wp\/v2\/users\/1"}],"replies":[{"embeddable":true,"href":"https:\/\/visa-travelers.com\/eta-es\/wp-json\/wp\/v2\/comments?post=587"}],"version-history":[{"count":35,"href":"https:\/\/visa-travelers.com\/eta-es\/wp-json\/wp\/v2\/pages\/587\/revisions"}],"predecessor-version":[{"id":1230,"href":"https:\/\/visa-travelers.com\/eta-es\/wp-json\/wp\/v2\/pages\/587\/revisions\/1230"}],"wp:attachment":[{"href":"https:\/\/visa-travelers.com\/eta-es\/wp-json\/wp\/v2\/media?parent=587"}],"curies":[{"name":"wp","href":"https:\/\/api.w.org\/{rel}","templated":true}]}}