 {"id":943,"date":"2025-10-26T15:38:01","date_gmt":"2025-10-26T15:38:01","guid":{"rendered":"https:\/\/visa-travelers.com\/eta-es\/?page_id=943"},"modified":"2026-02-09T21:43:59","modified_gmt":"2026-02-09T20:43:59","slug":"subir-documentacion","status":"publish","type":"page","link":"https:\/\/visa-travelers.com\/eta-es\/subir-documentacion\/","title":{"rendered":"Subir Documentaci\u00f3n"},"content":{"rendered":"\t\t<div data-elementor-type=\"wp-page\" data-elementor-id=\"943\" class=\"elementor elementor-943\" data-elementor-settings=\"{&quot;element_pack_global_tooltip_width&quot;:{&quot;unit&quot;:&quot;px&quot;,&quot;size&quot;:&quot;&quot;,&quot;sizes&quot;:[]},&quot;element_pack_global_tooltip_width_tablet&quot;:{&quot;unit&quot;:&quot;px&quot;,&quot;size&quot;:&quot;&quot;,&quot;sizes&quot;:[]},&quot;element_pack_global_tooltip_width_mobile&quot;:{&quot;unit&quot;:&quot;px&quot;,&quot;size&quot;:&quot;&quot;,&quot;sizes&quot;:[]},&quot;element_pack_global_tooltip_padding&quot;:{&quot;unit&quot;:&quot;px&quot;,&quot;top&quot;:&quot;&quot;,&quot;right&quot;:&quot;&quot;,&quot;bottom&quot;:&quot;&quot;,&quot;left&quot;:&quot;&quot;,&quot;isLinked&quot;:true},&quot;element_pack_global_tooltip_padding_tablet&quot;:{&quot;unit&quot;:&quot;px&quot;,&quot;top&quot;:&quot;&quot;,&quot;right&quot;:&quot;&quot;,&quot;bottom&quot;:&quot;&quot;,&quot;left&quot;:&quot;&quot;,&quot;isLinked&quot;:true},&quot;element_pack_global_tooltip_padding_mobile&quot;:{&quot;unit&quot;:&quot;px&quot;,&quot;top&quot;:&quot;&quot;,&quot;right&quot;:&quot;&quot;,&quot;bottom&quot;:&quot;&quot;,&quot;left&quot;:&quot;&quot;,&quot;isLinked&quot;:true},&quot;element_pack_global_tooltip_border_radius&quot;:{&quot;unit&quot;:&quot;px&quot;,&quot;top&quot;:&quot;&quot;,&quot;right&quot;:&quot;&quot;,&quot;bottom&quot;:&quot;&quot;,&quot;left&quot;:&quot;&quot;,&quot;isLinked&quot;:true},&quot;element_pack_global_tooltip_border_radius_tablet&quot;:{&quot;unit&quot;:&quot;px&quot;,&quot;top&quot;:&quot;&quot;,&quot;right&quot;:&quot;&quot;,&quot;bottom&quot;:&quot;&quot;,&quot;left&quot;:&quot;&quot;,&quot;isLinked&quot;:true},&quot;element_pack_global_tooltip_border_radius_mobile&quot;:{&quot;unit&quot;:&quot;px&quot;,&quot;top&quot;:&quot;&quot;,&quot;right&quot;:&quot;&quot;,&quot;bottom&quot;:&quot;&quot;,&quot;left&quot;:&quot;&quot;,&quot;isLinked&quot;:true}}\" data-elementor-post-type=\"page\">\n\t\t\t\t<div class=\"elementor-element elementor-element-939e260 e-flex e-con-boxed e-con e-parent\" data-id=\"939e260\" data-element_type=\"container\" data-e-type=\"container\" data-settings=\"{&quot;background_background&quot;:&quot;classic&quot;}\">\n\t\t\t\t\t<div class=\"e-con-inner\">\n\t\t\t\t<div class=\"elementor-element elementor-element-3a97205 elementor-widget elementor-widget-heading\" data-id=\"3a97205\" data-element_type=\"widget\" data-e-type=\"widget\" data-widget_type=\"heading.default\">\n\t\t\t\t<div class=\"elementor-widget-container\">\n\t\t\t\t\t<h1 class=\"elementor-heading-title elementor-size-default\">Sube tu Documentaci\u00f3n<\/h1>\t\t\t\t<\/div>\n\t\t\t\t<\/div>\n\t\t\t\t\t<\/div>\n\t\t\t\t<\/div>\n\t\t<div class=\"elementor-element elementor-element-501e14a e-flex e-con-boxed e-con e-parent\" data-id=\"501e14a\" data-element_type=\"container\" data-e-type=\"container\">\n\t\t\t\t\t<div class=\"e-con-inner\">\n\t\t<div class=\"elementor-element elementor-element-d816fa8 e-con-full e-flex e-con e-child\" data-id=\"d816fa8\" data-element_type=\"container\" data-e-type=\"container\">\n\t\t\t\t<div class=\"elementor-element elementor-element-daeb74a elementor-widget elementor-widget-heading\" data-id=\"daeb74a\" data-element_type=\"widget\" data-e-type=\"widget\" data-widget_type=\"heading.default\">\n\t\t\t\t<div class=\"elementor-widget-container\">\n\t\t\t\t\t<h2 class=\"elementor-heading-title elementor-size-default\">Si has hecho una solicitud y te falta subir documentaci\u00f3n, puedes adjuntarla c\u00f3modamente en este formulario<\/h2>\t\t\t\t<\/div>\n\t\t\t\t<\/div>\n\t\t\t\t<div class=\"elementor-element elementor-element-3e4ce0d elementor-widget elementor-widget-text-editor\" data-id=\"3e4ce0d\" data-element_type=\"widget\" data-e-type=\"widget\" data-widget_type=\"text-editor.default\">\n\t\t\t\t<div class=\"elementor-widget-container\">\n\t\t\t\t\t\t\t\t\t<p data-start=\"314\" data-end=\"376\">Puedes completar f\u00e1cilmente tu tr\u00e1mite usando este formulario.<\/p><p data-start=\"378\" data-end=\"563\">Para poder procesar tu solicitud de autorizaci\u00f3n electr\u00f3nica de viaje (ETA), necesitamos que nos env\u00edes la documentaci\u00f3n requerida. Por favor, aseg\u00farate de incluir los siguientes datos:<\/p><ul data-start=\"565\" data-end=\"815\"><li data-start=\"565\" data-end=\"601\"><p data-start=\"567\" data-end=\"601\"><strong data-start=\"567\" data-end=\"599\">Nombre completo del viajero.<\/strong><\/p><\/li><li data-start=\"602\" data-end=\"661\"><p data-start=\"604\" data-end=\"661\"><strong data-start=\"604\" data-end=\"659\">Correo electr\u00f3nico utilizado al hacer la solicitud.<\/strong><\/p><\/li><li data-start=\"662\" data-end=\"715\"><p data-start=\"664\" data-end=\"715\"><strong data-start=\"664\" data-end=\"687\">N\u00famero de solicitud<\/strong>, si lo tienes disponible.<\/p><\/li><li data-start=\"716\" data-end=\"815\"><p data-start=\"718\" data-end=\"815\"><strong data-start=\"718\" data-end=\"745\">Documentaci\u00f3n pendiente<\/strong>, como copia del pasaporte, foto, o cualquier otro archivo solicitado.<\/p><\/li><\/ul><p data-start=\"817\" data-end=\"897\">Nuestro equipo revisar\u00e1 tu env\u00edo y te dar\u00e1 una respuesta <strong data-start=\"874\" data-end=\"896\">r\u00e1pida y eficiente<\/strong>.<\/p><p data-start=\"899\" data-end=\"1011\">El servicio de atenci\u00f3n est\u00e1 disponible <strong data-start=\"939\" data-end=\"965\">todos los d\u00edas del a\u00f1o<\/strong>, y podemos atenderte en <strong data-start=\"990\" data-end=\"1010\">espa\u00f1ol o ingl\u00e9s<\/strong>.<\/p><p data-start=\"1013\" data-end=\"1148\">\u00a0<\/p>\t\t\t\t\t\t\t\t<\/div>\n\t\t\t\t<\/div>\n\t\t\t\t<\/div>\n\t\t<div class=\"elementor-element elementor-element-77e3172 e-con-full e-flex e-con e-child\" data-id=\"77e3172\" data-element_type=\"container\" data-e-type=\"container\">\n\t\t\t\t<div class=\"elementor-element elementor-element-1b61e6a elementor-button-align-stretch elementor-widget elementor-widget-form\" data-id=\"1b61e6a\" data-element_type=\"widget\" data-e-type=\"widget\" data-settings=\"{&quot;step_next_label&quot;:&quot;Siguiente&quot;,&quot;step_previous_label&quot;:&quot;Anterior&quot;,&quot;button_width&quot;:&quot;100&quot;,&quot;step_type&quot;:&quot;number_text&quot;,&quot;step_icon_shape&quot;:&quot;circle&quot;}\" data-widget_type=\"form.default\">\n\t\t\t\t<div class=\"elementor-widget-container\">\n\t\t\t\t\t\t\t<form class=\"elementor-form\" method=\"post\" name=\"Nuevo formulario\" aria-label=\"Nuevo formulario\">\n\t\t\t<input type=\"hidden\" name=\"post_id\" value=\"943\"\/>\n\t\t\t<input type=\"hidden\" name=\"form_id\" value=\"1b61e6a\"\/>\n\t\t\t<input type=\"hidden\" name=\"referer_title\" value=\"Subir documentaci\u00f3n para ETA UK | C\u00f3mo adjuntar tus archivos\" \/>\n\n\t\t\t\t\t\t\t<input type=\"hidden\" name=\"queried_id\" value=\"943\"\/>\n\t\t\t\n\t\t\t<div class=\"elementor-form-fields-wrapper elementor-labels-above\">\n\t\t\t\t\t\t\t\t<div class=\"elementor-field-type-text elementor-field-group elementor-column elementor-field-group-name elementor-col-100 elementor-field-required\">\n\t\t\t\t\t\t\t\t\t\t\t\t<label for=\"form-field-name\" class=\"elementor-field-label\">\n\t\t\t\t\t\t\t\tNombre del viajero\t\t\t\t\t\t\t<\/label>\n\t\t\t\t\t\t\t\t\t\t\t\t\t\t<input size=\"1\" type=\"text\" name=\"form_fields[name]\" id=\"form-field-name\" class=\"elementor-field elementor-size-sm  elementor-field-textual\" placeholder=\"Introduce el nombre del viajero\" required=\"required\">\n\t\t\t\t\t\t\t\t\t\t\t<\/div>\n\t\t\t\t\t\t\t\t<div class=\"elementor-field-type-email elementor-field-group elementor-column elementor-field-group-email elementor-col-100 elementor-field-required\">\n\t\t\t\t\t\t\t\t\t\t\t\t<label for=\"form-field-email\" class=\"elementor-field-label\">\n\t\t\t\t\t\t\t\tCorreo electr\u00f3nico\t\t\t\t\t\t\t<\/label>\n\t\t\t\t\t\t\t\t\t\t\t\t\t\t<input size=\"1\" type=\"email\" name=\"form_fields[email]\" id=\"form-field-email\" class=\"elementor-field elementor-size-sm  elementor-field-textual\" placeholder=\"Correo electr\u00f3nico\" required=\"required\">\n\t\t\t\t\t\t\t\t\t\t\t<\/div>\n\t\t\t\t\t\t\t\t<div class=\"elementor-field-type-text elementor-field-group elementor-column elementor-field-group-field_fecc0d2 elementor-col-100\">\n\t\t\t\t\t\t\t\t\t\t\t\t<label for=\"form-field-field_fecc0d2\" class=\"elementor-field-label\">\n\t\t\t\t\t\t\t\tN\u00famero de solicitud (si lo tienes)\t\t\t\t\t\t\t<\/label>\n\t\t\t\t\t\t\t\t\t\t\t\t\t\t<input size=\"1\" type=\"text\" name=\"form_fields[field_fecc0d2]\" id=\"form-field-field_fecc0d2\" class=\"elementor-field elementor-size-sm  elementor-field-textual\">\n\t\t\t\t\t\t\t\t\t\t\t<\/div>\n\t\t\t\t\t\t\t\t<div class=\"elementor-field-type-upload elementor-field-group elementor-column elementor-field-group-field_33753da elementor-col-100 elementor-field-required\">\n\t\t\t\t\t\t\t\t\t\t\t\t<label for=\"form-field-field_33753da\" class=\"elementor-field-label\">\n\t\t\t\t\t\t\t\tSube tu documentaci\u00f3n\t\t\t\t\t\t\t<\/label>\n\t\t\t\t\t\t\t\t<input type=\"file\" name=\"form_fields[field_33753da][]\" id=\"form-field-field_33753da\" class=\"elementor-field elementor-size-sm  elementor-upload-field\" required=\"required\" multiple=\"multiple\" data-maxsize=\"5\" data-maxsize-message=\"Este archivo excede el tama\u00f1o m\u00e1ximo permitido.\">\n\n\t\t\t\t\t\t<\/div>\n\t\t\t\t\t\t\t\t<div class=\"elementor-field-type-acceptance elementor-field-group elementor-column elementor-field-group-field_810ad76 elementor-col-100 elementor-field-required\">\n\t\t\t\t\t\t\t<div class=\"elementor-field-subgroup\">\n\t\t\t<span class=\"elementor-field-option\">\n\t\t\t\t<input type=\"checkbox\" name=\"form_fields[field_810ad76]\" id=\"form-field-field_810ad76\" class=\"elementor-field elementor-size-sm  elementor-acceptance-field\" required=\"required\">\n\t\t\t\t<label for=\"form-field-field_810ad76\">He le\u00eddo y Acepto la <a href=\"\/legal\">Pol\u00edtica de Privacidad<\/a>.<\/label>\t\t\t<\/span>\n\t\t<\/div>\n\t\t\t\t\t\t<\/div>\n\t\t\t\t\t\t\t\t<div class=\"elementor-field-group elementor-column elementor-field-type-submit elementor-col-100 e-form__buttons\">\n\t\t\t\t\t<button class=\"elementor-button elementor-size-sm\" type=\"submit\">\n\t\t\t\t\t\t<span class=\"elementor-button-content-wrapper\">\n\t\t\t\t\t\t\t\t\t\t\t\t\t\t\t\t\t\t\t\t\t\t<span class=\"elementor-button-text\">Enviar Documentaci\u00f3n<\/span>\n\t\t\t\t\t\t\t\t\t\t\t\t\t<\/span>\n\t\t\t\t\t<\/button>\n\t\t\t\t<\/div>\n\t\t\t<\/div>\n\t\t<\/form>\n\t\t\t\t\t\t<\/div>\n\t\t\t\t<\/div>\n\t\t\t\t<\/div>\n\t\t\t\t\t<\/div>\n\t\t\t\t<\/div>\n\t\t\t\t<\/div>\n\t\t","protected":false},"excerpt":{"rendered":"<p>Sube tu Documentaci\u00f3n Si has hecho una solicitud y te falta subir documentaci\u00f3n, puedes adjuntarla c\u00f3modamente en este formulario Puedes [&hellip;]<\/p>\n","protected":false},"author":1,"featured_media":0,"parent":0,"menu_order":0,"comment_status":"closed","ping_status":"closed","template":"","meta":{"site-sidebar-layout":"no-sidebar","site-content-layout":"","ast-site-content-layout":"full-width-container","site-content-style":"default","site-sidebar-style":"default","ast-global-header-display":"","ast-banner-title-visibility":"","ast-main-header-display":"","ast-hfb-above-header-display":"","ast-hfb-below-header-display":"","ast-hfb-mobile-header-display":"","site-post-title":"disabled","ast-breadcrumbs-content":"","ast-featured-img":"disabled","footer-sml-layout":"","theme-transparent-header-meta":"","adv-header-id-meta":"","stick-header-meta":"","header-above-stick-meta":"","header-main-stick-meta":"","header-below-stick-meta":"","astra-migrate-meta-layouts":"default","ast-page-background-enabled":"default","ast-page-background-meta":{"desktop":{"background-color":"var(--ast-global-color-5)","background-image":"","background-repeat":"repeat","background-position":"center center","background-size":"auto","background-attachment":"scroll","background-type":"","background-media":"","overlay-type":"","overlay-color":"","overlay-opacity":"","overlay-gradient":""},"tablet":{"background-color":"","background-image":"","background-repeat":"repeat","background-position":"center center","background-size":"auto","background-attachment":"scroll","background-type":"","background-media":"","overlay-type":"","overlay-color":"","overlay-opacity":"","overlay-gradient":""},"mobile":{"background-color":"","background-image":"","background-repeat":"repeat","background-position":"center center","background-size":"auto","background-attachment":"scroll","background-type":"","background-media":"","overlay-type":"","overlay-color":"","overlay-opacity":"","overlay-gradient":""}},"ast-content-background-meta":{"desktop":{"background-color":"var(--ast-global-color-4)","background-image":"","background-repeat":"repeat","background-position":"center center","background-size":"auto","background-attachment":"scroll","background-type":"","background-media":"","overlay-type":"","overlay-color":"","overlay-opacity":"","overlay-gradient":""},"tablet":{"background-color":"var(--ast-global-color-4)","background-image":"","background-repeat":"repeat","background-position":"center center","background-size":"auto","background-attachment":"scroll","background-type":"","background-media":"","overlay-type":"","overlay-color":"","overlay-opacity":"","overlay-gradient":""},"mobile":{"background-color":"var(--ast-global-color-4)","background-image":"","background-repeat":"repeat","background-position":"center center","background-size":"auto","background-attachment":"scroll","background-type":"","background-media":"","overlay-type":"","overlay-color":"","overlay-opacity":"","overlay-gradient":""}},"footnotes":""},"class_list":["post-943","page","type-page","status-publish","hentry"],"yoast_head":"<!-- This site is optimized with the Yoast SEO plugin v26.9 - https:\/\/yoast.com\/product\/yoast-seo-wordpress\/ -->\n<title>Subir documentaci\u00f3n para ETA UK | C\u00f3mo adjuntar tus archivos<\/title>\n<meta name=\"description\" content=\"Sube tu documentaci\u00f3n para la ETA UK de forma segura. Revisa qu\u00e9 archivos necesitas, formatos permitidos y c\u00f3mo adjuntarlos correctamente paso a paso.\" \/>\n<meta name=\"robots\" content=\"index, follow, max-snippet:-1, max-image-preview:large, max-video-preview:-1\" \/>\n<link rel=\"canonical\" href=\"https:\/\/visa-travelers.com\/eta-es\/subir-documentacion\/\" \/>\n<meta property=\"og:locale\" content=\"es_ES\" \/>\n<meta property=\"og:type\" content=\"article\" \/>\n<meta property=\"og:title\" content=\"Subir documentaci\u00f3n para ETA UK | C\u00f3mo adjuntar tus archivos\" \/>\n<meta property=\"og:description\" content=\"Sube tu documentaci\u00f3n para la ETA UK de forma segura. Revisa qu\u00e9 archivos necesitas, formatos permitidos y c\u00f3mo adjuntarlos correctamente paso a paso.\" \/>\n<meta property=\"og:url\" content=\"https:\/\/visa-travelers.com\/eta-es\/subir-documentacion\/\" \/>\n<meta property=\"og:site_name\" content=\"ETA Travels\" \/>\n<meta property=\"article:modified_time\" content=\"2026-02-09T20:43:59+00:00\" \/>\n<meta name=\"twitter:card\" content=\"summary_large_image\" \/>\n<meta name=\"twitter:label1\" content=\"Tiempo de lectura\" \/>\n\t<meta name=\"twitter:data1\" content=\"1 minuto\" \/>\n<script type=\"application\/ld+json\" class=\"yoast-schema-graph\">{\"@context\":\"https:\/\/schema.org\",\"@graph\":[{\"@type\":\"WebPage\",\"@id\":\"https:\/\/visa-travelers.com\/eta-es\/subir-documentacion\/\",\"url\":\"https:\/\/visa-travelers.com\/eta-es\/subir-documentacion\/\",\"name\":\"Subir documentaci\u00f3n para ETA UK | C\u00f3mo adjuntar tus archivos\",\"isPartOf\":{\"@id\":\"https:\/\/visa-travelers.com\/eta-es\/#website\"},\"datePublished\":\"2025-10-26T15:38:01+00:00\",\"dateModified\":\"2026-02-09T20:43:59+00:00\",\"description\":\"Sube tu documentaci\u00f3n para la ETA UK de forma segura. Revisa qu\u00e9 archivos necesitas, formatos permitidos y c\u00f3mo adjuntarlos correctamente paso a paso.\",\"breadcrumb\":{\"@id\":\"https:\/\/visa-travelers.com\/eta-es\/subir-documentacion\/#breadcrumb\"},\"inLanguage\":\"es\",\"potentialAction\":[{\"@type\":\"ReadAction\",\"target\":[\"https:\/\/visa-travelers.com\/eta-es\/subir-documentacion\/\"]}]},{\"@type\":\"BreadcrumbList\",\"@id\":\"https:\/\/visa-travelers.com\/eta-es\/subir-documentacion\/#breadcrumb\",\"itemListElement\":[{\"@type\":\"ListItem\",\"position\":1,\"name\":\"Portada\",\"item\":\"https:\/\/visa-travelers.com\/eta-es\/\"},{\"@type\":\"ListItem\",\"position\":2,\"name\":\"Subir Documentaci\u00f3n\"}]},{\"@type\":\"WebSite\",\"@id\":\"https:\/\/visa-travelers.com\/eta-es\/#website\",\"url\":\"https:\/\/visa-travelers.com\/eta-es\/\",\"name\":\"ETA Travels\",\"description\":\"\",\"publisher\":{\"@id\":\"https:\/\/visa-travelers.com\/eta-es\/#organization\"},\"potentialAction\":[{\"@type\":\"SearchAction\",\"target\":{\"@type\":\"EntryPoint\",\"urlTemplate\":\"https:\/\/visa-travelers.com\/eta-es\/?s={search_term_string}\"},\"query-input\":{\"@type\":\"PropertyValueSpecification\",\"valueRequired\":true,\"valueName\":\"search_term_string\"}}],\"inLanguage\":\"es\"},{\"@type\":\"Organization\",\"@id\":\"https:\/\/visa-travelers.com\/eta-es\/#organization\",\"name\":\"ETA Travels\",\"url\":\"https:\/\/visa-travelers.com\/eta-es\/\",\"logo\":{\"@type\":\"ImageObject\",\"inLanguage\":\"es\",\"@id\":\"https:\/\/visa-travelers.com\/eta-es\/#\/schema\/logo\/image\/\",\"url\":\"https:\/\/visa-travelers.com\/eta-es\/wp-content\/uploads\/2025\/04\/logo.png\",\"contentUrl\":\"https:\/\/visa-travelers.com\/eta-es\/wp-content\/uploads\/2025\/04\/logo.png\",\"width\":156,\"height\":40,\"caption\":\"ETA Travels\"},\"image\":{\"@id\":\"https:\/\/visa-travelers.com\/eta-es\/#\/schema\/logo\/image\/\"}}]}<\/script>\n<!-- \/ Yoast SEO plugin. -->","yoast_head_json":{"title":"Subir documentaci\u00f3n para ETA UK | C\u00f3mo adjuntar tus archivos","description":"Sube tu documentaci\u00f3n para la ETA UK de forma segura. Revisa qu\u00e9 archivos necesitas, formatos permitidos y c\u00f3mo adjuntarlos correctamente paso a paso.","robots":{"index":"index","follow":"follow","max-snippet":"max-snippet:-1","max-image-preview":"max-image-preview:large","max-video-preview":"max-video-preview:-1"},"canonical":"https:\/\/visa-travelers.com\/eta-es\/subir-documentacion\/","og_locale":"es_ES","og_type":"article","og_title":"Subir documentaci\u00f3n para ETA UK | C\u00f3mo adjuntar tus archivos","og_description":"Sube tu documentaci\u00f3n para la ETA UK de forma segura. Revisa qu\u00e9 archivos necesitas, formatos permitidos y c\u00f3mo adjuntarlos correctamente paso a paso.","og_url":"https:\/\/visa-travelers.com\/eta-es\/subir-documentacion\/","og_site_name":"ETA Travels","article_modified_time":"2026-02-09T20:43:59+00:00","twitter_card":"summary_large_image","twitter_misc":{"Tiempo de lectura":"1 minuto"},"schema":{"@context":"https:\/\/schema.org","@graph":[{"@type":"WebPage","@id":"https:\/\/visa-travelers.com\/eta-es\/subir-documentacion\/","url":"https:\/\/visa-travelers.com\/eta-es\/subir-documentacion\/","name":"Subir documentaci\u00f3n para ETA UK | C\u00f3mo adjuntar tus archivos","isPartOf":{"@id":"https:\/\/visa-travelers.com\/eta-es\/#website"},"datePublished":"2025-10-26T15:38:01+00:00","dateModified":"2026-02-09T20:43:59+00:00","description":"Sube tu documentaci\u00f3n para la ETA UK de forma segura. Revisa qu\u00e9 archivos necesitas, formatos permitidos y c\u00f3mo adjuntarlos correctamente paso a paso.","breadcrumb":{"@id":"https:\/\/visa-travelers.com\/eta-es\/subir-documentacion\/#breadcrumb"},"inLanguage":"es","potentialAction":[{"@type":"ReadAction","target":["https:\/\/visa-travelers.com\/eta-es\/subir-documentacion\/"]}]},{"@type":"BreadcrumbList","@id":"https:\/\/visa-travelers.com\/eta-es\/subir-documentacion\/#breadcrumb","itemListElement":[{"@type":"ListItem","position":1,"name":"Portada","item":"https:\/\/visa-travelers.com\/eta-es\/"},{"@type":"ListItem","position":2,"name":"Subir Documentaci\u00f3n"}]},{"@type":"WebSite","@id":"https:\/\/visa-travelers.com\/eta-es\/#website","url":"https:\/\/visa-travelers.com\/eta-es\/","name":"ETA Travels","description":"","publisher":{"@id":"https:\/\/visa-travelers.com\/eta-es\/#organization"},"potentialAction":[{"@type":"SearchAction","target":{"@type":"EntryPoint","urlTemplate":"https:\/\/visa-travelers.com\/eta-es\/?s={search_term_string}"},"query-input":{"@type":"PropertyValueSpecification","valueRequired":true,"valueName":"search_term_string"}}],"inLanguage":"es"},{"@type":"Organization","@id":"https:\/\/visa-travelers.com\/eta-es\/#organization","name":"ETA Travels","url":"https:\/\/visa-travelers.com\/eta-es\/","logo":{"@type":"ImageObject","inLanguage":"es","@id":"https:\/\/visa-travelers.com\/eta-es\/#\/schema\/logo\/image\/","url":"https:\/\/visa-travelers.com\/eta-es\/wp-content\/uploads\/2025\/04\/logo.png","contentUrl":"https:\/\/visa-travelers.com\/eta-es\/wp-content\/uploads\/2025\/04\/logo.png","width":156,"height":40,"caption":"ETA Travels"},"image":{"@id":"https:\/\/visa-travelers.com\/eta-es\/#\/schema\/logo\/image\/"}}]}},"_links":{"self":[{"href":"https:\/\/visa-travelers.com\/eta-es\/wp-json\/wp\/v2\/pages\/943","targetHints":{"allow":["GET"]}}],"collection":[{"href":"https:\/\/visa-travelers.com\/eta-es\/wp-json\/wp\/v2\/pages"}],"about":[{"href":"https:\/\/visa-travelers.com\/eta-es\/wp-json\/wp\/v2\/types\/page"}],"author":[{"embeddable":true,"href":"https:\/\/visa-travelers.com\/eta-es\/wp-json\/wp\/v2\/users\/1"}],"replies":[{"embeddable":true,"href":"https:\/\/visa-travelers.com\/eta-es\/wp-json\/wp\/v2\/comments?post=943"}],"version-history":[{"count":22,"href":"https:\/\/visa-travelers.com\/eta-es\/wp-json\/wp\/v2\/pages\/943\/revisions"}],"predecessor-version":[{"id":1059,"href":"https:\/\/visa-travelers.com\/eta-es\/wp-json\/wp\/v2\/pages\/943\/revisions\/1059"}],"wp:attachment":[{"href":"https:\/\/visa-travelers.com\/eta-es\/wp-json\/wp\/v2\/media?parent=943"}],"curies":[{"name":"wp","href":"https:\/\/api.w.org\/{rel}","templated":true}]}}